{"id":69316,"date":"2025-11-11T18:43:18","date_gmt":"2025-11-11T17:43:18","guid":{"rendered":"https:\/\/www.ernstbrunn-apotheke.at\/katalog\/produkt\/fertilovit-kapseln-f-endo-90-stk\/"},"modified":"2025-12-08T18:06:55","modified_gmt":"2025-12-08T17:06:55","slug":"fertilovit-kapseln-f-endo-90-stk","status":"publish","type":"product","link":"https:\/\/www.ernstbrunn-apotheke.at\/katalog\/produkt\/fertilovit-kapseln-f-endo-90-stk\/","title":{"rendered":"Fertilovit Kapseln F Endo 90 Stk."},"content":{"rendered":"<p>Fertilovit\u00ae FEndo: Zur di\u00e4tetischen Behandlung von Frauen mit Endometriose bei KinderwunschSCHWERPUNKT ANTIOXIDATIVE UND ANTIENTZ\u00dcNDLICHE N\u00c4HRSTOFFEFertilovit\u00ae FEndo  ist ein di\u00e4tetisches Lebensmittel f\u00fcr besondere medizinische Zwecke (erg\u00e4nzende bilanzierte Di\u00e4t), das speziell auf die Bed\u00fcrfnisse von Frauen mit Endometriose bei Kinderwunsch zugeschnitten ist. Es enth\u00e4lt hochdosierte Fols\u00e4ure und N-Acetyl-L-Cystein in Kombination mit einer Rundumversorgung mit wertvollen Vitaminen, Mineralstoffen und Omega-3-Fetts\u00e4uren. Die besondere Rezeptur reflektiert aktuelle ern\u00e4hrungswissenschaftliche Erkenntnisse und ist durch den Fokus auf antientz\u00fcndliche und antioxidative Mikron\u00e4hrstoffe auch geeignet f\u00fcr Endometriose-Patientinnen ohne aktuellen Kinderwunsch zur F\u00f6rderung des allgemeinen Wohlbefindens.<\/p>\n","protected":false},"excerpt":{"rendered":"<p>Fertilovit\u00ae FEndo: Zur di\u00e4tetischen Behandlung von Frauen mit Endometriose bei KinderwunschSCHWERPUNKT ANTIOXIDATIVE UND ANTIENTZ\u00dcNDLICHE N\u00c4HRSTOFFEFertilovit\u00ae FEndo ist ein di\u00e4tetisches Lebensmittel f\u00fcr besondere medizinische Zwecke (erg\u00e4nzende bilanzierte Di\u00e4t), das speziell auf die Bed\u00fcrfnisse von Frauen mit Endometriose bei Kinderwunsch zugeschnitten ist. Es enth\u00e4lt hochdosierte Fols\u00e4ure und N-Acetyl-L-Cystein in Kombination mit einer Rundumversorgung mit wertvollen Vitaminen, Mineralstoffen [&hellip;]<\/p>\n","protected":false},"featured_media":69318,"template":"","meta":{"_acf_changed":false},"product_brand":[],"product_cat":[809],"product_tag":[],"class_list":{"0":"post-69316","1":"product","2":"type-product","3":"status-publish","4":"has-post-thumbnail","6":"product_cat-f","7":"pa_packungsgroesse-90-stueck","9":"first","10":"instock","11":"shipping-taxable","12":"purchasable","13":"product-type-simple"},"acf":[],"_links":{"self":[{"href":"https:\/\/www.ernstbrunn-apotheke.at\/katalog\/wp-json\/wp\/v2\/product\/69316","targetHints":{"allow":["GET"]}}],"collection":[{"href":"https:\/\/www.ernstbrunn-apotheke.at\/katalog\/wp-json\/wp\/v2\/product"}],"about":[{"href":"https:\/\/www.ernstbrunn-apotheke.at\/katalog\/wp-json\/wp\/v2\/types\/product"}],"wp:featuredmedia":[{"embeddable":true,"href":"https:\/\/www.ernstbrunn-apotheke.at\/katalog\/wp-json\/wp\/v2\/media\/69318"}],"wp:attachment":[{"href":"https:\/\/www.ernstbrunn-apotheke.at\/katalog\/wp-json\/wp\/v2\/media?parent=69316"}],"wp:term":[{"taxonomy":"product_brand","embeddable":true,"href":"https:\/\/www.ernstbrunn-apotheke.at\/katalog\/wp-json\/wp\/v2\/product_brand?post=69316"},{"taxonomy":"product_cat","embeddable":true,"href":"https:\/\/www.ernstbrunn-apotheke.at\/katalog\/wp-json\/wp\/v2\/product_cat?post=69316"},{"taxonomy":"product_tag","embeddable":true,"href":"https:\/\/www.ernstbrunn-apotheke.at\/katalog\/wp-json\/wp\/v2\/product_tag?post=69316"}],"curies":[{"name":"wp","href":"https:\/\/api.w.org\/{rel}","templated":true}]}}