{"id":69309,"date":"2025-11-11T18:43:18","date_gmt":"2025-11-11T17:43:18","guid":{"rendered":"https:\/\/www.ernstbrunn-apotheke.at\/katalog\/produkt\/lierac-rosilogie-neutralisierende-creme-40-ml\/"},"modified":"2025-12-08T18:06:52","modified_gmt":"2025-12-08T17:06:52","slug":"lierac-rosilogie-neutralisierende-creme-40-ml","status":"publish","type":"product","link":"https:\/\/www.ernstbrunn-apotheke.at\/katalog\/produkt\/lierac-rosilogie-neutralisierende-creme-40-ml\/","title":{"rendered":"Lierac Rosilogie Neutralisierende Creme 40 ml"},"content":{"rendered":"<p>Lierac Rosilogie Neutralisierende Creme 40 ml ist die erste Therapie-Creme, die auf 3 Arten von R\u00f6tungen zielt: pl\u00f6tzliche, vorl\u00e4ufige R\u00f6tungen (Flushes), andauernde R\u00f6tungen sowie R\u00f6tungen mit sichtbaren Blutgef\u00e4ssen. Die aktive Textur ist angereichert mit Shea Butter f\u00fcr ein sofortiges beruhigendes Gef\u00fchl. Korrigierende gr\u00fcne Pigmente neutralisieren sichtbar R\u00f6tungen und machen den Teint ebenm\u00e4\u00dfiger.<\/p>\n","protected":false},"excerpt":{"rendered":"<p>Lierac Rosilogie Neutralisierende Creme 40 ml ist die erste Therapie-Creme, die auf 3 Arten von R\u00f6tungen zielt: pl\u00f6tzliche, vorl\u00e4ufige R\u00f6tungen (Flushes), andauernde R\u00f6tungen sowie R\u00f6tungen mit sichtbaren Blutgef\u00e4ssen. Die aktive Textur ist angereichert mit Shea Butter f\u00fcr ein sofortiges beruhigendes Gef\u00fchl. Korrigierende gr\u00fcne Pigmente neutralisieren sichtbar R\u00f6tungen und machen den Teint ebenm\u00e4\u00dfiger.<\/p>\n","protected":false},"featured_media":69311,"template":"","meta":{"_acf_changed":false},"product_brand":[709],"product_cat":[795],"product_tag":[],"class_list":{"0":"post-69309","1":"product","2":"type-product","3":"status-publish","4":"has-post-thumbnail","6":"product_brand-lierac","7":"product_cat-l","8":"pa_packungsgroesse-40ml","10":"first","11":"instock","12":"shipping-taxable","13":"purchasable","14":"product-type-simple"},"acf":[],"_links":{"self":[{"href":"https:\/\/www.ernstbrunn-apotheke.at\/katalog\/wp-json\/wp\/v2\/product\/69309","targetHints":{"allow":["GET"]}}],"collection":[{"href":"https:\/\/www.ernstbrunn-apotheke.at\/katalog\/wp-json\/wp\/v2\/product"}],"about":[{"href":"https:\/\/www.ernstbrunn-apotheke.at\/katalog\/wp-json\/wp\/v2\/types\/product"}],"wp:featuredmedia":[{"embeddable":true,"href":"https:\/\/www.ernstbrunn-apotheke.at\/katalog\/wp-json\/wp\/v2\/media\/69311"}],"wp:attachment":[{"href":"https:\/\/www.ernstbrunn-apotheke.at\/katalog\/wp-json\/wp\/v2\/media?parent=69309"}],"wp:term":[{"taxonomy":"product_brand","embeddable":true,"href":"https:\/\/www.ernstbrunn-apotheke.at\/katalog\/wp-json\/wp\/v2\/product_brand?post=69309"},{"taxonomy":"product_cat","embeddable":true,"href":"https:\/\/www.ernstbrunn-apotheke.at\/katalog\/wp-json\/wp\/v2\/product_cat?post=69309"},{"taxonomy":"product_tag","embeddable":true,"href":"https:\/\/www.ernstbrunn-apotheke.at\/katalog\/wp-json\/wp\/v2\/product_tag?post=69309"}],"curies":[{"name":"wp","href":"https:\/\/api.w.org\/{rel}","templated":true}]}}