{"id":69287,"date":"2025-11-11T18:43:18","date_gmt":"2025-11-11T17:43:18","guid":{"rendered":"https:\/\/www.ernstbrunn-apotheke.at\/katalog\/produkt\/chondroitinsulfat-glucosaminsulfat-kapseln-2\/"},"modified":"2025-12-08T18:06:48","modified_gmt":"2025-12-08T17:06:48","slug":"chondroitinsulfat-glucosaminsulfat-kapseln-2","status":"publish","type":"product","link":"https:\/\/www.ernstbrunn-apotheke.at\/katalog\/produkt\/chondroitinsulfat-glucosaminsulfat-kapseln-2\/","title":{"rendered":"Chondroitinsulfat + Glucosaminsulfat Kapseln"},"content":{"rendered":"<p>Gall Pharma Chondroitin + Glucosamin 1:1 Kapseln 180 Stk. tragen dazu bei, dass die Gelenksfl\u00fcssigkeit in den Gelenken und der Gelenkknorpel in ihren Normalzustand zur\u00fcckgef\u00fchrt werden bzw. die besch\u00e4digten Knorpel repariert werden. Sie sorgen gemeinsam f\u00fcr Funktion und Mobilit\u00e4t, entscheidend f\u00fcr eine Verbesserung der Beschwerden ist jedoch eine konsequente und l\u00e4ngerfristige Einnahme \u00fcber mehrere Wochen.<\/p>\n","protected":false},"excerpt":{"rendered":"<p>Gall Pharma Chondroitin + Glucosamin 1:1 Kapseln 180 Stk. tragen dazu bei, dass die Gelenksfl\u00fcssigkeit in den Gelenken und der Gelenkknorpel in ihren Normalzustand zur\u00fcckgef\u00fchrt werden bzw. die besch\u00e4digten Knorpel repariert werden. Sie sorgen gemeinsam f\u00fcr Funktion und Mobilit\u00e4t, entscheidend f\u00fcr eine Verbesserung der Beschwerden ist jedoch eine konsequente und l\u00e4ngerfristige Einnahme \u00fcber mehrere Wochen.<\/p>\n","protected":false},"featured_media":69289,"template":"","meta":{"_acf_changed":false},"product_brand":[371],"product_cat":[812],"product_tag":[],"class_list":{"0":"post-69287","1":"product","2":"type-product","3":"status-publish","4":"has-post-thumbnail","6":"product_brand-gall-pharma","7":"product_cat-c","8":"pa_packungsgroesse-180-stueck","10":"first","11":"instock","12":"shipping-taxable","13":"purchasable","14":"product-type-simple"},"acf":[],"_links":{"self":[{"href":"https:\/\/www.ernstbrunn-apotheke.at\/katalog\/wp-json\/wp\/v2\/product\/69287","targetHints":{"allow":["GET"]}}],"collection":[{"href":"https:\/\/www.ernstbrunn-apotheke.at\/katalog\/wp-json\/wp\/v2\/product"}],"about":[{"href":"https:\/\/www.ernstbrunn-apotheke.at\/katalog\/wp-json\/wp\/v2\/types\/product"}],"wp:featuredmedia":[{"embeddable":true,"href":"https:\/\/www.ernstbrunn-apotheke.at\/katalog\/wp-json\/wp\/v2\/media\/69289"}],"wp:attachment":[{"href":"https:\/\/www.ernstbrunn-apotheke.at\/katalog\/wp-json\/wp\/v2\/media?parent=69287"}],"wp:term":[{"taxonomy":"product_brand","embeddable":true,"href":"https:\/\/www.ernstbrunn-apotheke.at\/katalog\/wp-json\/wp\/v2\/product_brand?post=69287"},{"taxonomy":"product_cat","embeddable":true,"href":"https:\/\/www.ernstbrunn-apotheke.at\/katalog\/wp-json\/wp\/v2\/product_cat?post=69287"},{"taxonomy":"product_tag","embeddable":true,"href":"https:\/\/www.ernstbrunn-apotheke.at\/katalog\/wp-json\/wp\/v2\/product_tag?post=69287"}],"curies":[{"name":"wp","href":"https:\/\/api.w.org\/{rel}","templated":true}]}}