{"id":69256,"date":"2025-11-11T18:42:15","date_gmt":"2025-11-11T17:42:15","guid":{"rendered":"https:\/\/www.ernstbrunn-apotheke.at\/katalog\/produkt\/ensbona-teufelssalbe-heiss-100-ml-tube\/"},"modified":"2025-12-08T18:06:39","modified_gmt":"2025-12-08T17:06:39","slug":"ensbona-teufelssalbe-heiss-100-ml-tube","status":"publish","type":"product","link":"https:\/\/www.ernstbrunn-apotheke.at\/katalog\/produkt\/ensbona-teufelssalbe-heiss-100-ml-tube\/","title":{"rendered":"Ensbona Teufelssalbe Hei\u00df 100 ml Tube"},"content":{"rendered":"<p>Ensbona Teufelssalbe Hei\u00df 100 ml Tube ist ein intensiv w\u00e4rmendes Pflegegel das entspannt. Das Gel n\u00fctzt die nat\u00fcrliche Kraft der Teufelskralle, Capsicum und Brennessel. Die Teufelssalbe f\u00f6rdert Beweglichkeit und Entspannung, Allantion und Ringelblume wirken hautberuhigend und pflegend -jetzt stark preisreduziert bestellen!<\/p>\n","protected":false},"excerpt":{"rendered":"<p>Ensbona Teufelssalbe Hei\u00df 100 ml Tube ist ein intensiv w\u00e4rmendes Pflegegel das entspannt. Das Gel n\u00fctzt die nat\u00fcrliche Kraft der Teufelskralle, Capsicum und Brennessel. Die Teufelssalbe f\u00f6rdert Beweglichkeit und Entspannung, Allantion und Ringelblume wirken hautberuhigend und pflegend -jetzt stark preisreduziert bestellen!<\/p>\n","protected":false},"featured_media":69258,"template":"","meta":{"_acf_changed":false},"product_brand":[],"product_cat":[794],"product_tag":[],"class_list":{"0":"post-69256","1":"product","2":"type-product","3":"status-publish","4":"has-post-thumbnail","6":"product_cat-e","7":"pa_farbe-orange","8":"pa_packungsgroesse-100ml","10":"first","11":"instock","12":"shipping-taxable","13":"purchasable","14":"product-type-simple"},"acf":[],"_links":{"self":[{"href":"https:\/\/www.ernstbrunn-apotheke.at\/katalog\/wp-json\/wp\/v2\/product\/69256","targetHints":{"allow":["GET"]}}],"collection":[{"href":"https:\/\/www.ernstbrunn-apotheke.at\/katalog\/wp-json\/wp\/v2\/product"}],"about":[{"href":"https:\/\/www.ernstbrunn-apotheke.at\/katalog\/wp-json\/wp\/v2\/types\/product"}],"wp:featuredmedia":[{"embeddable":true,"href":"https:\/\/www.ernstbrunn-apotheke.at\/katalog\/wp-json\/wp\/v2\/media\/69258"}],"wp:attachment":[{"href":"https:\/\/www.ernstbrunn-apotheke.at\/katalog\/wp-json\/wp\/v2\/media?parent=69256"}],"wp:term":[{"taxonomy":"product_brand","embeddable":true,"href":"https:\/\/www.ernstbrunn-apotheke.at\/katalog\/wp-json\/wp\/v2\/product_brand?post=69256"},{"taxonomy":"product_cat","embeddable":true,"href":"https:\/\/www.ernstbrunn-apotheke.at\/katalog\/wp-json\/wp\/v2\/product_cat?post=69256"},{"taxonomy":"product_tag","embeddable":true,"href":"https:\/\/www.ernstbrunn-apotheke.at\/katalog\/wp-json\/wp\/v2\/product_tag?post=69256"}],"curies":[{"name":"wp","href":"https:\/\/api.w.org\/{rel}","templated":true}]}}