{"id":69166,"date":"2025-11-11T18:41:26","date_gmt":"2025-11-11T17:41:26","guid":{"rendered":"https:\/\/www.ernstbrunn-apotheke.at\/katalog\/produkt\/the-nutri-store-dim-diindolylmethan-250-mg-kapseln-120-stk\/"},"modified":"2025-12-08T18:06:14","modified_gmt":"2025-12-08T17:06:14","slug":"the-nutri-store-dim-diindolylmethan-250-mg-kapseln-120-stk","status":"publish","type":"product","link":"https:\/\/www.ernstbrunn-apotheke.at\/katalog\/produkt\/the-nutri-store-dim-diindolylmethan-250-mg-kapseln-120-stk\/","title":{"rendered":"The Nutri Store DIM Diindolylmethan 250 mg Kapseln 120 Stk."},"content":{"rendered":"<p>The Nutri Store DIM Diindolylmethan 250 mg Kapseln enthalten 250 mg reines Diindolylmethan (isoliert durch schonende Gewinnung aus Kreuzbl\u00fctengew\u00e4chsen) plus 225 mg Gem\u00fcsepulver aus Brokkoli, Wei\u00dfkohl und Blumenkohl sowie Vitamin C und Selen, die die Glucosinolate synergistisch erg\u00e4nzen. Vitamin C und Selen tragen dazu bei, die Zellen vor oxidativen Stress zu sch\u00fctzen. Sie tragen zudem zu einer normalen Funktion des Immunsystems bei.<\/p>\n","protected":false},"excerpt":{"rendered":"<p>The Nutri Store DIM Diindolylmethan 250 mg Kapseln enthalten 250 mg reines Diindolylmethan (isoliert durch schonende Gewinnung aus Kreuzbl\u00fctengew\u00e4chsen) plus 225 mg Gem\u00fcsepulver aus Brokkoli, Wei\u00dfkohl und Blumenkohl sowie Vitamin C und Selen, die die Glucosinolate synergistisch erg\u00e4nzen. Vitamin C und Selen tragen dazu bei, die Zellen vor oxidativen Stress zu sch\u00fctzen. Sie tragen zudem [&hellip;]<\/p>\n","protected":false},"featured_media":69168,"template":"","meta":{"_acf_changed":false},"product_brand":[],"product_cat":[798],"product_tag":[],"class_list":{"0":"post-69166","1":"product","2":"type-product","3":"status-publish","4":"has-post-thumbnail","6":"product_cat-t","7":"pa_packungsgroesse-120-stueck","9":"first","10":"instock","11":"shipping-taxable","12":"purchasable","13":"product-type-simple"},"acf":[],"_links":{"self":[{"href":"https:\/\/www.ernstbrunn-apotheke.at\/katalog\/wp-json\/wp\/v2\/product\/69166","targetHints":{"allow":["GET"]}}],"collection":[{"href":"https:\/\/www.ernstbrunn-apotheke.at\/katalog\/wp-json\/wp\/v2\/product"}],"about":[{"href":"https:\/\/www.ernstbrunn-apotheke.at\/katalog\/wp-json\/wp\/v2\/types\/product"}],"wp:featuredmedia":[{"embeddable":true,"href":"https:\/\/www.ernstbrunn-apotheke.at\/katalog\/wp-json\/wp\/v2\/media\/69168"}],"wp:attachment":[{"href":"https:\/\/www.ernstbrunn-apotheke.at\/katalog\/wp-json\/wp\/v2\/media?parent=69166"}],"wp:term":[{"taxonomy":"product_brand","embeddable":true,"href":"https:\/\/www.ernstbrunn-apotheke.at\/katalog\/wp-json\/wp\/v2\/product_brand?post=69166"},{"taxonomy":"product_cat","embeddable":true,"href":"https:\/\/www.ernstbrunn-apotheke.at\/katalog\/wp-json\/wp\/v2\/product_cat?post=69166"},{"taxonomy":"product_tag","embeddable":true,"href":"https:\/\/www.ernstbrunn-apotheke.at\/katalog\/wp-json\/wp\/v2\/product_tag?post=69166"}],"curies":[{"name":"wp","href":"https:\/\/api.w.org\/{rel}","templated":true}]}}