{"id":69088,"date":"2025-11-11T18:39:45","date_gmt":"2025-11-11T17:39:45","guid":{"rendered":"https:\/\/www.ernstbrunn-apotheke.at\/katalog\/produkt\/kolloidale-goldloesung-10-ppm-gai-250-ml\/"},"modified":"2025-12-08T18:05:48","modified_gmt":"2025-12-08T17:05:48","slug":"kolloidale-goldloesung-10-ppm-gai-250-ml","status":"publish","type":"product","link":"https:\/\/www.ernstbrunn-apotheke.at\/katalog\/produkt\/kolloidale-goldloesung-10-ppm-gai-250-ml\/","title":{"rendered":"Kolloidale Goldl\u00f6sung 10 ppm Gai 250 ml"},"content":{"rendered":"<p>Kolloidale Goldl\u00f6sung f\u00f6rdert die F\u00e4higkeit zur Selbsterkenntnis und ist somit eine Hilfe zur Entwicklung der Pers\u00f6nlichkeit. Gold st\u00e4rkt den \u00e4inneren Alchimisten\u201c, nach Paracelsus die Regelung der gesamten Stoffwechselvorg\u00e4nge.<\/p>\n","protected":false},"excerpt":{"rendered":"<p>Kolloidale Goldl\u00f6sung f\u00f6rdert die F\u00e4higkeit zur Selbsterkenntnis und ist somit eine Hilfe zur Entwicklung der Pers\u00f6nlichkeit. Gold st\u00e4rkt den \u00e4inneren Alchimisten\u201c, nach Paracelsus die Regelung der gesamten Stoffwechselvorg\u00e4nge.<\/p>\n","protected":false},"featured_media":69090,"template":"","meta":{"_acf_changed":false},"product_brand":[],"product_cat":[807],"product_tag":[],"class_list":{"0":"post-69088","1":"product","2":"type-product","3":"status-publish","4":"has-post-thumbnail","6":"product_cat-k","7":"pa_packungsgroesse-250ml","9":"first","10":"instock","11":"shipping-taxable","12":"purchasable","13":"product-type-simple"},"acf":[],"_links":{"self":[{"href":"https:\/\/www.ernstbrunn-apotheke.at\/katalog\/wp-json\/wp\/v2\/product\/69088","targetHints":{"allow":["GET"]}}],"collection":[{"href":"https:\/\/www.ernstbrunn-apotheke.at\/katalog\/wp-json\/wp\/v2\/product"}],"about":[{"href":"https:\/\/www.ernstbrunn-apotheke.at\/katalog\/wp-json\/wp\/v2\/types\/product"}],"wp:featuredmedia":[{"embeddable":true,"href":"https:\/\/www.ernstbrunn-apotheke.at\/katalog\/wp-json\/wp\/v2\/media\/69090"}],"wp:attachment":[{"href":"https:\/\/www.ernstbrunn-apotheke.at\/katalog\/wp-json\/wp\/v2\/media?parent=69088"}],"wp:term":[{"taxonomy":"product_brand","embeddable":true,"href":"https:\/\/www.ernstbrunn-apotheke.at\/katalog\/wp-json\/wp\/v2\/product_brand?post=69088"},{"taxonomy":"product_cat","embeddable":true,"href":"https:\/\/www.ernstbrunn-apotheke.at\/katalog\/wp-json\/wp\/v2\/product_cat?post=69088"},{"taxonomy":"product_tag","embeddable":true,"href":"https:\/\/www.ernstbrunn-apotheke.at\/katalog\/wp-json\/wp\/v2\/product_tag?post=69088"}],"curies":[{"name":"wp","href":"https:\/\/api.w.org\/{rel}","templated":true}]}}