{"id":69019,"date":"2025-11-11T18:38:21","date_gmt":"2025-11-11T17:38:21","guid":{"rendered":"https:\/\/www.ernstbrunn-apotheke.at\/katalog\/produkt\/borretschoel-500mg-kapseln-3\/"},"modified":"2025-12-08T18:05:24","modified_gmt":"2025-12-08T17:05:24","slug":"borretschoel-500mg-kapseln-3","status":"publish","type":"product","link":"https:\/\/www.ernstbrunn-apotheke.at\/katalog\/produkt\/borretschoel-500mg-kapseln-3\/","title":{"rendered":"Borretsch\u00f6l 500mg Kapseln"},"content":{"rendered":"<p>Gall Pharma Borretsch \u00d6l 500 mg Kapseln 120 Stk. enthalten 500 mg Borretsch\u00f6l und 15 mg Alpha-Tocopherol in einer Weichgelatinekapsel. Borretsch (Borrago officinalis) \u2013 auch Gurkenkraut oder Herzfreude genannt \u2013 ist ein sch\u00f6nbl\u00fchendes Sommergew\u00e4chs. Die Samen weisen einen hohen nat\u00fcrlichen Gehalt der Omega-6-Fetts\u00e4ure Gamma-Linolens\u00e4ure auf. Vitamin E tr\u00e4gt dazu bei, die Zellen vor oxidativem Stress zu sch\u00fctzen.<\/p>\n","protected":false},"excerpt":{"rendered":"<p>Gall Pharma Borretsch \u00d6l 500 mg Kapseln 120 Stk. enthalten 500 mg Borretsch\u00f6l und 15 mg Alpha-Tocopherol in einer Weichgelatinekapsel. Borretsch (Borrago officinalis) \u2013 auch Gurkenkraut oder Herzfreude genannt \u2013 ist ein sch\u00f6nbl\u00fchendes Sommergew\u00e4chs. Die Samen weisen einen hohen nat\u00fcrlichen Gehalt der Omega-6-Fetts\u00e4ure Gamma-Linolens\u00e4ure auf. Vitamin E tr\u00e4gt dazu bei, die Zellen vor oxidativem Stress [&hellip;]<\/p>\n","protected":false},"featured_media":69021,"template":"","meta":{"_acf_changed":false},"product_brand":[371],"product_cat":[802],"product_tag":[],"class_list":{"0":"post-69019","1":"product","2":"type-product","3":"status-publish","4":"has-post-thumbnail","6":"product_brand-gall-pharma","7":"product_cat-b","8":"pa_packungsgroesse-120-stueck","10":"first","11":"instock","12":"shipping-taxable","13":"purchasable","14":"product-type-simple"},"acf":[],"_links":{"self":[{"href":"https:\/\/www.ernstbrunn-apotheke.at\/katalog\/wp-json\/wp\/v2\/product\/69019","targetHints":{"allow":["GET"]}}],"collection":[{"href":"https:\/\/www.ernstbrunn-apotheke.at\/katalog\/wp-json\/wp\/v2\/product"}],"about":[{"href":"https:\/\/www.ernstbrunn-apotheke.at\/katalog\/wp-json\/wp\/v2\/types\/product"}],"wp:featuredmedia":[{"embeddable":true,"href":"https:\/\/www.ernstbrunn-apotheke.at\/katalog\/wp-json\/wp\/v2\/media\/69021"}],"wp:attachment":[{"href":"https:\/\/www.ernstbrunn-apotheke.at\/katalog\/wp-json\/wp\/v2\/media?parent=69019"}],"wp:term":[{"taxonomy":"product_brand","embeddable":true,"href":"https:\/\/www.ernstbrunn-apotheke.at\/katalog\/wp-json\/wp\/v2\/product_brand?post=69019"},{"taxonomy":"product_cat","embeddable":true,"href":"https:\/\/www.ernstbrunn-apotheke.at\/katalog\/wp-json\/wp\/v2\/product_cat?post=69019"},{"taxonomy":"product_tag","embeddable":true,"href":"https:\/\/www.ernstbrunn-apotheke.at\/katalog\/wp-json\/wp\/v2\/product_tag?post=69019"}],"curies":[{"name":"wp","href":"https:\/\/api.w.org\/{rel}","templated":true}]}}