{"id":68961,"date":"2025-11-11T18:37:45","date_gmt":"2025-11-11T17:37:45","guid":{"rendered":"https:\/\/www.ernstbrunn-apotheke.at\/katalog\/produkt\/dr-ehrenberger-selen-kapseln-60-stk\/"},"modified":"2025-12-08T18:05:01","modified_gmt":"2025-12-08T17:05:01","slug":"dr-ehrenberger-selen-kapseln-60-stk","status":"publish","type":"product","link":"https:\/\/www.ernstbrunn-apotheke.at\/katalog\/produkt\/dr-ehrenberger-selen-kapseln-60-stk\/","title":{"rendered":"Dr. Ehrenberger Selen Kapseln 60 Stk."},"content":{"rendered":"<p>Dr. Ehrenberger Selen Kapseln enth\u00e4lt Spurenelemente, die f\u00fcr alle Dr\u00fcsen wichtig sind. Selen tr\u00e4gt unter anderem zur normalen Erhaltung der Haare und N\u00e4gel sowie einer normalen Funktion der Schilddr\u00fcse bei. Das Produkt enth\u00e4lt teilweise biologische Inhaltsstoffe.<\/p>\n","protected":false},"excerpt":{"rendered":"<p>Dr. Ehrenberger Selen Kapseln enth\u00e4lt Spurenelemente, die f\u00fcr alle Dr\u00fcsen wichtig sind. Selen tr\u00e4gt unter anderem zur normalen Erhaltung der Haare und N\u00e4gel sowie einer normalen Funktion der Schilddr\u00fcse bei. Das Produkt enth\u00e4lt teilweise biologische Inhaltsstoffe.<\/p>\n","protected":false},"featured_media":0,"template":"","meta":{"_acf_changed":false},"product_brand":[509],"product_cat":[792],"product_tag":[],"class_list":{"0":"post-68961","1":"product","2":"type-product","3":"status-publish","5":"product_brand-dr-ehrenberger","6":"product_cat-d","7":"pa_packungsgroesse-60-stueck","9":"first","10":"instock","11":"shipping-taxable","12":"purchasable","13":"product-type-simple"},"acf":[],"_links":{"self":[{"href":"https:\/\/www.ernstbrunn-apotheke.at\/katalog\/wp-json\/wp\/v2\/product\/68961","targetHints":{"allow":["GET"]}}],"collection":[{"href":"https:\/\/www.ernstbrunn-apotheke.at\/katalog\/wp-json\/wp\/v2\/product"}],"about":[{"href":"https:\/\/www.ernstbrunn-apotheke.at\/katalog\/wp-json\/wp\/v2\/types\/product"}],"wp:attachment":[{"href":"https:\/\/www.ernstbrunn-apotheke.at\/katalog\/wp-json\/wp\/v2\/media?parent=68961"}],"wp:term":[{"taxonomy":"product_brand","embeddable":true,"href":"https:\/\/www.ernstbrunn-apotheke.at\/katalog\/wp-json\/wp\/v2\/product_brand?post=68961"},{"taxonomy":"product_cat","embeddable":true,"href":"https:\/\/www.ernstbrunn-apotheke.at\/katalog\/wp-json\/wp\/v2\/product_cat?post=68961"},{"taxonomy":"product_tag","embeddable":true,"href":"https:\/\/www.ernstbrunn-apotheke.at\/katalog\/wp-json\/wp\/v2\/product_tag?post=68961"}],"curies":[{"name":"wp","href":"https:\/\/api.w.org\/{rel}","templated":true}]}}