{"id":68898,"date":"2025-11-11T18:35:58","date_gmt":"2025-11-11T17:35:58","guid":{"rendered":"https:\/\/www.ernstbrunn-apotheke.at\/katalog\/produkt\/colomed-10-aad-sachets-28-stk\/"},"modified":"2025-12-08T18:04:41","modified_gmt":"2025-12-08T17:04:41","slug":"colomed-10-aad-sachets-28-stk","status":"publish","type":"product","link":"https:\/\/www.ernstbrunn-apotheke.at\/katalog\/produkt\/colomed-10-aad-sachets-28-stk\/","title":{"rendered":"Colomed 10 AAD-Sachets 28 Stk."},"content":{"rendered":"<p>Colomed 10 AAD-Sachets enthalten 10 vermehrungsf\u00e4hige probiotische Bakterienst\u00e4mme. Sie dienen der di\u00e4tischen Behandlung nach einer Antibiotika Behandlung.<\/p>\n","protected":false},"excerpt":{"rendered":"<p>Colomed 10 AAD-Sachets enthalten 10 vermehrungsf\u00e4hige probiotische Bakterienst\u00e4mme. Sie dienen der di\u00e4tischen Behandlung nach einer Antibiotika Behandlung.<\/p>\n","protected":false},"featured_media":68900,"template":"","meta":{"_acf_changed":false},"product_brand":[],"product_cat":[812],"product_tag":[],"class_list":{"0":"post-68898","1":"product","2":"type-product","3":"status-publish","4":"has-post-thumbnail","6":"product_cat-c","7":"pa_packungsgroesse-28-beutel","9":"first","10":"instock","11":"shipping-taxable","12":"purchasable","13":"product-type-simple"},"acf":[],"_links":{"self":[{"href":"https:\/\/www.ernstbrunn-apotheke.at\/katalog\/wp-json\/wp\/v2\/product\/68898","targetHints":{"allow":["GET"]}}],"collection":[{"href":"https:\/\/www.ernstbrunn-apotheke.at\/katalog\/wp-json\/wp\/v2\/product"}],"about":[{"href":"https:\/\/www.ernstbrunn-apotheke.at\/katalog\/wp-json\/wp\/v2\/types\/product"}],"wp:featuredmedia":[{"embeddable":true,"href":"https:\/\/www.ernstbrunn-apotheke.at\/katalog\/wp-json\/wp\/v2\/media\/68900"}],"wp:attachment":[{"href":"https:\/\/www.ernstbrunn-apotheke.at\/katalog\/wp-json\/wp\/v2\/media?parent=68898"}],"wp:term":[{"taxonomy":"product_brand","embeddable":true,"href":"https:\/\/www.ernstbrunn-apotheke.at\/katalog\/wp-json\/wp\/v2\/product_brand?post=68898"},{"taxonomy":"product_cat","embeddable":true,"href":"https:\/\/www.ernstbrunn-apotheke.at\/katalog\/wp-json\/wp\/v2\/product_cat?post=68898"},{"taxonomy":"product_tag","embeddable":true,"href":"https:\/\/www.ernstbrunn-apotheke.at\/katalog\/wp-json\/wp\/v2\/product_tag?post=68898"}],"curies":[{"name":"wp","href":"https:\/\/api.w.org\/{rel}","templated":true}]}}