{"id":68830,"date":"2025-11-11T18:34:44","date_gmt":"2025-11-11T17:34:44","guid":{"rendered":"https:\/\/www.ernstbrunn-apotheke.at\/katalog\/produkt\/melasan-sport-protein-drink-schoko-karamell-540-g\/"},"modified":"2025-12-08T18:04:24","modified_gmt":"2025-12-08T17:04:24","slug":"melasan-sport-protein-drink-schoko-karamell-540-g","status":"publish","type":"product","link":"https:\/\/www.ernstbrunn-apotheke.at\/katalog\/produkt\/melasan-sport-protein-drink-schoko-karamell-540-g\/","title":{"rendered":"Melasan Sport Protein Drink Schoko-Karamell 540 g"},"content":{"rendered":"<p>Der Melasan Protein Drink mit Schoko-Karamell-Geschmack ist einer der wenigen Shakes welcher g\u00e4nzlich ohne k\u00fcnstliche Zusatzstoffe auskommt. Unser Protein Drink enth\u00e4lt pro Portion 23 g reines Eiwei\u00df h\u00f6chster Qualit\u00e4t und hat ein optimales Aminos\u00e4ureprofil mit einem hohen Anteil an den verzweigtkettigen Aminos\u00e4uren Leucin, Valin und Isoleucin. Aufgrund dieser Eigenschaften ist der Melasan\u00ae Protein Drink mit Schoko-Karamell-Geschmack die perfekte Erg\u00e4nzung um Muskelmasse aufzubauen bei bester Vertr\u00e4glichkeit.<\/p>\n","protected":false},"excerpt":{"rendered":"<p>Der Melasan Protein Drink mit Schoko-Karamell-Geschmack ist einer der wenigen Shakes welcher g\u00e4nzlich ohne k\u00fcnstliche Zusatzstoffe auskommt. Unser Protein Drink enth\u00e4lt pro Portion 23 g reines Eiwei\u00df h\u00f6chster Qualit\u00e4t und hat ein optimales Aminos\u00e4ureprofil mit einem hohen Anteil an den verzweigtkettigen Aminos\u00e4uren Leucin, Valin und Isoleucin. Aufgrund dieser Eigenschaften ist der Melasan\u00ae Protein Drink mit [&hellip;]<\/p>\n","protected":false},"featured_media":68832,"template":"","meta":{"_acf_changed":false},"product_brand":[373],"product_cat":[800],"product_tag":[],"class_list":{"0":"post-68830","1":"product","2":"type-product","3":"status-publish","4":"has-post-thumbnail","6":"product_brand-melasan","7":"product_cat-m","8":"pa_packungsgroesse-540g","10":"first","11":"instock","12":"shipping-taxable","13":"purchasable","14":"product-type-simple"},"acf":[],"_links":{"self":[{"href":"https:\/\/www.ernstbrunn-apotheke.at\/katalog\/wp-json\/wp\/v2\/product\/68830","targetHints":{"allow":["GET"]}}],"collection":[{"href":"https:\/\/www.ernstbrunn-apotheke.at\/katalog\/wp-json\/wp\/v2\/product"}],"about":[{"href":"https:\/\/www.ernstbrunn-apotheke.at\/katalog\/wp-json\/wp\/v2\/types\/product"}],"wp:featuredmedia":[{"embeddable":true,"href":"https:\/\/www.ernstbrunn-apotheke.at\/katalog\/wp-json\/wp\/v2\/media\/68832"}],"wp:attachment":[{"href":"https:\/\/www.ernstbrunn-apotheke.at\/katalog\/wp-json\/wp\/v2\/media?parent=68830"}],"wp:term":[{"taxonomy":"product_brand","embeddable":true,"href":"https:\/\/www.ernstbrunn-apotheke.at\/katalog\/wp-json\/wp\/v2\/product_brand?post=68830"},{"taxonomy":"product_cat","embeddable":true,"href":"https:\/\/www.ernstbrunn-apotheke.at\/katalog\/wp-json\/wp\/v2\/product_cat?post=68830"},{"taxonomy":"product_tag","embeddable":true,"href":"https:\/\/www.ernstbrunn-apotheke.at\/katalog\/wp-json\/wp\/v2\/product_tag?post=68830"}],"curies":[{"name":"wp","href":"https:\/\/api.w.org\/{rel}","templated":true}]}}