{"id":68761,"date":"2025-11-11T18:33:38","date_gmt":"2025-11-11T17:33:38","guid":{"rendered":"https:\/\/www.ernstbrunn-apotheke.at\/katalog\/produkt\/propolaid-propolis-nasenspray-20-ml\/"},"modified":"2025-12-08T18:04:06","modified_gmt":"2025-12-08T17:04:06","slug":"propolaid-propolis-nasenspray-20-ml","status":"publish","type":"product","link":"https:\/\/www.ernstbrunn-apotheke.at\/katalog\/produkt\/propolaid-propolis-nasenspray-20-ml\/","title":{"rendered":"PROPOLAID PROPOLIS Nasenspray 20 ML"},"content":{"rendered":"<p>ESI Propolaid Nasen Spray mit Propolis befeuchtet und reinigt die Schleimh\u00e4ute der Nase. Hergestellt aus Propolis und Hamamelis in einer Kochsalzl\u00f6sung tut dieser Nasenspray besonders bei einer Erk\u00e4ltung oder trockener Heizungsluft gut &#8211; als Standortapotheke bieten wir Ihnen 100% Sicherheit und ausschlie\u00dflich Originalprodukte!<\/p>\n","protected":false},"excerpt":{"rendered":"<p>ESI Propolaid Nasen Spray mit Propolis befeuchtet und reinigt die Schleimh\u00e4ute der Nase. Hergestellt aus Propolis und Hamamelis in einer Kochsalzl\u00f6sung tut dieser Nasenspray besonders bei einer Erk\u00e4ltung oder trockener Heizungsluft gut &#8211; als Standortapotheke bieten wir Ihnen 100% Sicherheit und ausschlie\u00dflich Originalprodukte!<\/p>\n","protected":false},"featured_media":68763,"template":"","meta":{"_acf_changed":false},"product_brand":[],"product_cat":[793],"product_tag":[],"class_list":{"0":"post-68761","1":"product","2":"type-product","3":"status-publish","4":"has-post-thumbnail","6":"product_cat-p","7":"pa_packungsgroesse-20ml","9":"first","10":"instock","11":"shipping-taxable","12":"purchasable","13":"product-type-simple"},"acf":[],"_links":{"self":[{"href":"https:\/\/www.ernstbrunn-apotheke.at\/katalog\/wp-json\/wp\/v2\/product\/68761","targetHints":{"allow":["GET"]}}],"collection":[{"href":"https:\/\/www.ernstbrunn-apotheke.at\/katalog\/wp-json\/wp\/v2\/product"}],"about":[{"href":"https:\/\/www.ernstbrunn-apotheke.at\/katalog\/wp-json\/wp\/v2\/types\/product"}],"wp:featuredmedia":[{"embeddable":true,"href":"https:\/\/www.ernstbrunn-apotheke.at\/katalog\/wp-json\/wp\/v2\/media\/68763"}],"wp:attachment":[{"href":"https:\/\/www.ernstbrunn-apotheke.at\/katalog\/wp-json\/wp\/v2\/media?parent=68761"}],"wp:term":[{"taxonomy":"product_brand","embeddable":true,"href":"https:\/\/www.ernstbrunn-apotheke.at\/katalog\/wp-json\/wp\/v2\/product_brand?post=68761"},{"taxonomy":"product_cat","embeddable":true,"href":"https:\/\/www.ernstbrunn-apotheke.at\/katalog\/wp-json\/wp\/v2\/product_cat?post=68761"},{"taxonomy":"product_tag","embeddable":true,"href":"https:\/\/www.ernstbrunn-apotheke.at\/katalog\/wp-json\/wp\/v2\/product_tag?post=68761"}],"curies":[{"name":"wp","href":"https:\/\/api.w.org\/{rel}","templated":true}]}}