{"id":68701,"date":"2025-11-11T18:32:38","date_gmt":"2025-11-11T17:32:38","guid":{"rendered":"https:\/\/www.ernstbrunn-apotheke.at\/katalog\/produkt\/bioderma-photoderm-apres-soleil-200-ml\/"},"modified":"2025-12-08T18:03:51","modified_gmt":"2025-12-08T17:03:51","slug":"bioderma-photoderm-apres-soleil-200-ml","status":"publish","type":"product","link":"https:\/\/www.ernstbrunn-apotheke.at\/katalog\/produkt\/bioderma-photoderm-apres-soleil-200-ml\/","title":{"rendered":"Bioderma Photoderm Apres Soleil 200 ml"},"content":{"rendered":"<p>Bioderma Photoderm Apres Soleil 200 ml ist eine feuchtigkeitsspendende, beruhigende AfterSun Lotion f\u00fcr alle Hauttypen, auch f\u00fcr empfindliche, feuchtigkeitsarme Haut. Zur Regeneration der Hautbarriere. F\u00fcr Gesicht und K\u00f6rper. F\u00fcr Kleinkinder geeignet. Dezenter, frischer Duft. Ohne Parabene.<\/p>\n","protected":false},"excerpt":{"rendered":"<p>Bioderma Photoderm Apres Soleil 200 ml ist eine feuchtigkeitsspendende, beruhigende AfterSun Lotion f\u00fcr alle Hauttypen, auch f\u00fcr empfindliche, feuchtigkeitsarme Haut. Zur Regeneration der Hautbarriere. F\u00fcr Gesicht und K\u00f6rper. F\u00fcr Kleinkinder geeignet. Dezenter, frischer Duft. Ohne Parabene.<\/p>\n","protected":false},"featured_media":68703,"template":"","meta":{"_acf_changed":false},"product_brand":[657],"product_cat":[802],"product_tag":[],"class_list":{"0":"post-68701","1":"product","2":"type-product","3":"status-publish","4":"has-post-thumbnail","6":"product_brand-bioderma","7":"product_cat-b","8":"pa_packungsgroesse-200ml","10":"first","11":"instock","12":"shipping-taxable","13":"purchasable","14":"product-type-simple"},"acf":[],"_links":{"self":[{"href":"https:\/\/www.ernstbrunn-apotheke.at\/katalog\/wp-json\/wp\/v2\/product\/68701","targetHints":{"allow":["GET"]}}],"collection":[{"href":"https:\/\/www.ernstbrunn-apotheke.at\/katalog\/wp-json\/wp\/v2\/product"}],"about":[{"href":"https:\/\/www.ernstbrunn-apotheke.at\/katalog\/wp-json\/wp\/v2\/types\/product"}],"wp:featuredmedia":[{"embeddable":true,"href":"https:\/\/www.ernstbrunn-apotheke.at\/katalog\/wp-json\/wp\/v2\/media\/68703"}],"wp:attachment":[{"href":"https:\/\/www.ernstbrunn-apotheke.at\/katalog\/wp-json\/wp\/v2\/media?parent=68701"}],"wp:term":[{"taxonomy":"product_brand","embeddable":true,"href":"https:\/\/www.ernstbrunn-apotheke.at\/katalog\/wp-json\/wp\/v2\/product_brand?post=68701"},{"taxonomy":"product_cat","embeddable":true,"href":"https:\/\/www.ernstbrunn-apotheke.at\/katalog\/wp-json\/wp\/v2\/product_cat?post=68701"},{"taxonomy":"product_tag","embeddable":true,"href":"https:\/\/www.ernstbrunn-apotheke.at\/katalog\/wp-json\/wp\/v2\/product_tag?post=68701"}],"curies":[{"name":"wp","href":"https:\/\/api.w.org\/{rel}","templated":true}]}}