{"id":68678,"date":"2025-11-11T18:31:47","date_gmt":"2025-11-11T17:31:47","guid":{"rendered":"https:\/\/www.ernstbrunn-apotheke.at\/katalog\/produkt\/cerave-schaeumendes-reinigungsgel-236ml\/"},"modified":"2025-12-08T18:03:40","modified_gmt":"2025-12-08T17:03:40","slug":"cerave-schaeumendes-reinigungsgel-236ml","status":"publish","type":"product","link":"https:\/\/www.ernstbrunn-apotheke.at\/katalog\/produkt\/cerave-schaeumendes-reinigungsgel-236ml\/","title":{"rendered":"CeraVe Sch\u00e4umendes Reinigungsgel 236ml"},"content":{"rendered":"<p>Das CeraVe Sch\u00e4umendes Reinigungsgel 236ml ist f\u00fcr normale bis fettige Haut geeignet. Jetzt online auf servusapotheke.at bestellen!<\/p>\n","protected":false},"excerpt":{"rendered":"<p>Das CeraVe Sch\u00e4umendes Reinigungsgel 236ml ist f\u00fcr normale bis fettige Haut geeignet. Jetzt online auf servusapotheke.at bestellen!<\/p>\n","protected":false},"featured_media":68680,"template":"","meta":{"_acf_changed":false},"product_brand":[714],"product_cat":[812],"product_tag":[],"class_list":{"0":"post-68678","1":"product","2":"type-product","3":"status-publish","4":"has-post-thumbnail","6":"product_brand-cerave","7":"product_cat-c","8":"pa_packungsgroesse-236ml","10":"first","11":"instock","12":"shipping-taxable","13":"purchasable","14":"product-type-simple"},"acf":[],"_links":{"self":[{"href":"https:\/\/www.ernstbrunn-apotheke.at\/katalog\/wp-json\/wp\/v2\/product\/68678","targetHints":{"allow":["GET"]}}],"collection":[{"href":"https:\/\/www.ernstbrunn-apotheke.at\/katalog\/wp-json\/wp\/v2\/product"}],"about":[{"href":"https:\/\/www.ernstbrunn-apotheke.at\/katalog\/wp-json\/wp\/v2\/types\/product"}],"wp:featuredmedia":[{"embeddable":true,"href":"https:\/\/www.ernstbrunn-apotheke.at\/katalog\/wp-json\/wp\/v2\/media\/68680"}],"wp:attachment":[{"href":"https:\/\/www.ernstbrunn-apotheke.at\/katalog\/wp-json\/wp\/v2\/media?parent=68678"}],"wp:term":[{"taxonomy":"product_brand","embeddable":true,"href":"https:\/\/www.ernstbrunn-apotheke.at\/katalog\/wp-json\/wp\/v2\/product_brand?post=68678"},{"taxonomy":"product_cat","embeddable":true,"href":"https:\/\/www.ernstbrunn-apotheke.at\/katalog\/wp-json\/wp\/v2\/product_cat?post=68678"},{"taxonomy":"product_tag","embeddable":true,"href":"https:\/\/www.ernstbrunn-apotheke.at\/katalog\/wp-json\/wp\/v2\/product_tag?post=68678"}],"curies":[{"name":"wp","href":"https:\/\/api.w.org\/{rel}","templated":true}]}}