{"id":68655,"date":"2025-11-11T18:31:47","date_gmt":"2025-11-11T17:31:47","guid":{"rendered":"https:\/\/www.ernstbrunn-apotheke.at\/katalog\/produkt\/weleda-birke-cellulite-oel-100-ml\/"},"modified":"2025-12-08T18:03:36","modified_gmt":"2025-12-08T17:03:36","slug":"weleda-birke-cellulite-oel-100-ml","status":"publish","type":"product","link":"https:\/\/www.ernstbrunn-apotheke.at\/katalog\/produkt\/weleda-birke-cellulite-oel-100-ml\/","title":{"rendered":"Weleda Birke Cellulite \u00d6l 100 ml"},"content":{"rendered":"<p>Weleda Birke Cellulite \u00d6l 100 ml verleiht Ihrer Haut neue Spannkraft, macht sie glatter, straffer und verw\u00f6hnt mit einem herb-frischen Duft<\/p>\n","protected":false},"excerpt":{"rendered":"<p>Weleda Birke Cellulite \u00d6l 100 ml verleiht Ihrer Haut neue Spannkraft, macht sie glatter, straffer und verw\u00f6hnt mit einem herb-frischen Duft<\/p>\n","protected":false},"featured_media":68657,"template":"","meta":{"_acf_changed":false},"product_brand":[567],"product_cat":[796],"product_tag":[],"class_list":{"0":"post-68655","1":"product","2":"type-product","3":"status-publish","4":"has-post-thumbnail","6":"product_brand-weleda","7":"product_cat-w","8":"pa_packungsgroesse-100ml","10":"first","11":"instock","12":"shipping-taxable","13":"purchasable","14":"product-type-simple"},"acf":[],"_links":{"self":[{"href":"https:\/\/www.ernstbrunn-apotheke.at\/katalog\/wp-json\/wp\/v2\/product\/68655","targetHints":{"allow":["GET"]}}],"collection":[{"href":"https:\/\/www.ernstbrunn-apotheke.at\/katalog\/wp-json\/wp\/v2\/product"}],"about":[{"href":"https:\/\/www.ernstbrunn-apotheke.at\/katalog\/wp-json\/wp\/v2\/types\/product"}],"wp:featuredmedia":[{"embeddable":true,"href":"https:\/\/www.ernstbrunn-apotheke.at\/katalog\/wp-json\/wp\/v2\/media\/68657"}],"wp:attachment":[{"href":"https:\/\/www.ernstbrunn-apotheke.at\/katalog\/wp-json\/wp\/v2\/media?parent=68655"}],"wp:term":[{"taxonomy":"product_brand","embeddable":true,"href":"https:\/\/www.ernstbrunn-apotheke.at\/katalog\/wp-json\/wp\/v2\/product_brand?post=68655"},{"taxonomy":"product_cat","embeddable":true,"href":"https:\/\/www.ernstbrunn-apotheke.at\/katalog\/wp-json\/wp\/v2\/product_cat?post=68655"},{"taxonomy":"product_tag","embeddable":true,"href":"https:\/\/www.ernstbrunn-apotheke.at\/katalog\/wp-json\/wp\/v2\/product_tag?post=68655"}],"curies":[{"name":"wp","href":"https:\/\/api.w.org\/{rel}","templated":true}]}}