{"id":68643,"date":"2025-11-11T18:31:47","date_gmt":"2025-11-11T17:31:47","guid":{"rendered":"https:\/\/www.ernstbrunn-apotheke.at\/katalog\/produkt\/floramed-weihrauch-curcuma-myrrhe-kapseln\/"},"modified":"2025-12-08T18:03:33","modified_gmt":"2025-12-08T17:03:33","slug":"floramed-weihrauch-curcuma-myrrhe-kapseln","status":"publish","type":"product","link":"https:\/\/www.ernstbrunn-apotheke.at\/katalog\/produkt\/floramed-weihrauch-curcuma-myrrhe-kapseln\/","title":{"rendered":"Floramed Weihrauch &#8211; Curcuma &#8211; Myrrhe Kapseln"},"content":{"rendered":"<p>Floramed Weihrauch-Curcuma-Myrrhe, 60 Kapseln beinhaltet Vitamin E. Vitamin E tr\u00e4gt dazu bei, die Zellen vor oxidativem Stress zu sch\u00fctzen. Laktose- und Glutenfrei. F\u00fcr Vegetarier und Veganer geeignet.Health Claims &#8211; gesundheitsbezogene AussagenVitamin C tr\u00e4gt zu einer normalen Kollagenbildung f\u00fcr eine normale Knorpelfunktion beiVitamin C tr\u00e4gt zu einer normalen Funktion des Immunsystems beiVitamin C und Vitamin E tragen dazu bei, die Zellen vor oxidativem Stress zu sch\u00fctzen<\/p>\n","protected":false},"excerpt":{"rendered":"<p>Floramed Weihrauch-Curcuma-Myrrhe, 60 Kapseln beinhaltet Vitamin E. Vitamin E tr\u00e4gt dazu bei, die Zellen vor oxidativem Stress zu sch\u00fctzen. Laktose- und Glutenfrei. F\u00fcr Vegetarier und Veganer geeignet.Health Claims &#8211; gesundheitsbezogene AussagenVitamin C tr\u00e4gt zu einer normalen Kollagenbildung f\u00fcr eine normale Knorpelfunktion beiVitamin C tr\u00e4gt zu einer normalen Funktion des Immunsystems beiVitamin C und Vitamin E [&hellip;]<\/p>\n","protected":false},"featured_media":68645,"template":"","meta":{"_acf_changed":false},"product_brand":[],"product_cat":[809],"product_tag":[],"class_list":{"0":"post-68643","1":"product","2":"type-product","3":"status-publish","4":"has-post-thumbnail","6":"product_cat-f","7":"pa_packungsgroesse-60-stueck","9":"first","10":"instock","11":"shipping-taxable","12":"purchasable","13":"product-type-simple"},"acf":[],"_links":{"self":[{"href":"https:\/\/www.ernstbrunn-apotheke.at\/katalog\/wp-json\/wp\/v2\/product\/68643","targetHints":{"allow":["GET"]}}],"collection":[{"href":"https:\/\/www.ernstbrunn-apotheke.at\/katalog\/wp-json\/wp\/v2\/product"}],"about":[{"href":"https:\/\/www.ernstbrunn-apotheke.at\/katalog\/wp-json\/wp\/v2\/types\/product"}],"wp:featuredmedia":[{"embeddable":true,"href":"https:\/\/www.ernstbrunn-apotheke.at\/katalog\/wp-json\/wp\/v2\/media\/68645"}],"wp:attachment":[{"href":"https:\/\/www.ernstbrunn-apotheke.at\/katalog\/wp-json\/wp\/v2\/media?parent=68643"}],"wp:term":[{"taxonomy":"product_brand","embeddable":true,"href":"https:\/\/www.ernstbrunn-apotheke.at\/katalog\/wp-json\/wp\/v2\/product_brand?post=68643"},{"taxonomy":"product_cat","embeddable":true,"href":"https:\/\/www.ernstbrunn-apotheke.at\/katalog\/wp-json\/wp\/v2\/product_cat?post=68643"},{"taxonomy":"product_tag","embeddable":true,"href":"https:\/\/www.ernstbrunn-apotheke.at\/katalog\/wp-json\/wp\/v2\/product_tag?post=68643"}],"curies":[{"name":"wp","href":"https:\/\/api.w.org\/{rel}","templated":true}]}}