{"id":68592,"date":"2025-11-11T18:30:40","date_gmt":"2025-11-11T17:30:40","guid":{"rendered":"https:\/\/www.ernstbrunn-apotheke.at\/katalog\/produkt\/multinova-chaga-extrakt-kapseln-60-stk-bio\/"},"modified":"2025-12-08T18:03:16","modified_gmt":"2025-12-08T17:03:16","slug":"multinova-chaga-extrakt-kapseln-60-stk-bio","status":"publish","type":"product","link":"https:\/\/www.ernstbrunn-apotheke.at\/katalog\/produkt\/multinova-chaga-extrakt-kapseln-60-stk-bio\/","title":{"rendered":"Multinova Chaga Extrakt Kapseln 60 Stk. BIO"},"content":{"rendered":"<p>Multinova Chaga Extrakt Kapseln k\u00f6nnen als entz\u00fcndungshemmende Mittel gegen Magen-Darmbeschwerden eingesetzt werden. Da der Darm eine entscheidende Rolle auf die Immunregulierung hat, kr\u00e4ftigen die Kapseln das ganze Immunsystem und stabilisieren den K\u00f6rper. Das Produkt enth\u00e4lt teilweise biologische Inhaltsstoffe.<\/p>\n","protected":false},"excerpt":{"rendered":"<p>Multinova Chaga Extrakt Kapseln k\u00f6nnen als entz\u00fcndungshemmende Mittel gegen Magen-Darmbeschwerden eingesetzt werden. Da der Darm eine entscheidende Rolle auf die Immunregulierung hat, kr\u00e4ftigen die Kapseln das ganze Immunsystem und stabilisieren den K\u00f6rper. Das Produkt enth\u00e4lt teilweise biologische Inhaltsstoffe.<\/p>\n","protected":false},"featured_media":68594,"template":"","meta":{"_acf_changed":false},"product_brand":[],"product_cat":[800],"product_tag":[],"class_list":{"0":"post-68592","1":"product","2":"type-product","3":"status-publish","4":"has-post-thumbnail","6":"product_cat-m","7":"pa_packungsgroesse-60-stueck","9":"first","10":"instock","11":"shipping-taxable","12":"purchasable","13":"product-type-simple"},"acf":[],"_links":{"self":[{"href":"https:\/\/www.ernstbrunn-apotheke.at\/katalog\/wp-json\/wp\/v2\/product\/68592","targetHints":{"allow":["GET"]}}],"collection":[{"href":"https:\/\/www.ernstbrunn-apotheke.at\/katalog\/wp-json\/wp\/v2\/product"}],"about":[{"href":"https:\/\/www.ernstbrunn-apotheke.at\/katalog\/wp-json\/wp\/v2\/types\/product"}],"wp:featuredmedia":[{"embeddable":true,"href":"https:\/\/www.ernstbrunn-apotheke.at\/katalog\/wp-json\/wp\/v2\/media\/68594"}],"wp:attachment":[{"href":"https:\/\/www.ernstbrunn-apotheke.at\/katalog\/wp-json\/wp\/v2\/media?parent=68592"}],"wp:term":[{"taxonomy":"product_brand","embeddable":true,"href":"https:\/\/www.ernstbrunn-apotheke.at\/katalog\/wp-json\/wp\/v2\/product_brand?post=68592"},{"taxonomy":"product_cat","embeddable":true,"href":"https:\/\/www.ernstbrunn-apotheke.at\/katalog\/wp-json\/wp\/v2\/product_cat?post=68592"},{"taxonomy":"product_tag","embeddable":true,"href":"https:\/\/www.ernstbrunn-apotheke.at\/katalog\/wp-json\/wp\/v2\/product_tag?post=68592"}],"curies":[{"name":"wp","href":"https:\/\/api.w.org\/{rel}","templated":true}]}}