{"id":68559,"date":"2025-11-11T18:29:31","date_gmt":"2025-11-11T17:29:31","guid":{"rendered":"https:\/\/www.ernstbrunn-apotheke.at\/katalog\/produkt\/strataxrt-silikon-gel-50-g\/"},"modified":"2025-12-08T18:03:07","modified_gmt":"2025-12-08T17:03:07","slug":"strataxrt-silikon-gel-50-g","status":"publish","type":"product","link":"https:\/\/www.ernstbrunn-apotheke.at\/katalog\/produkt\/strataxrt-silikon-gel-50-g\/","title":{"rendered":"StrataXRT Silikon Gel 50 g"},"content":{"rendered":"<p>StrataXRT Silikon Gel ist ein innovativer und flexibler Wundverband zur Vorbeugung und Behandlung von Strahlendermatitis und basiert auf Silikonverbindungen ohne Sand oder Glas. Es lindert Hautreizungen wie z.B. Trockenheit, Juckreiz oder R\u00f6tung, schafft eine sch\u00fctzende Schicht und f\u00f6rdert die Wundheilung. Gleichzeitig versorgt das Gel die Haut intensiv mit Feuchtigkeit.<\/p>\n","protected":false},"excerpt":{"rendered":"<p>StrataXRT Silikon Gel ist ein innovativer und flexibler Wundverband zur Vorbeugung und Behandlung von Strahlendermatitis und basiert auf Silikonverbindungen ohne Sand oder Glas. Es lindert Hautreizungen wie z.B. Trockenheit, Juckreiz oder R\u00f6tung, schafft eine sch\u00fctzende Schicht und f\u00f6rdert die Wundheilung. Gleichzeitig versorgt das Gel die Haut intensiv mit Feuchtigkeit.<\/p>\n","protected":false},"featured_media":68561,"template":"","meta":{"_acf_changed":false},"product_brand":[],"product_cat":[791],"product_tag":[],"class_list":{"0":"post-68559","1":"product","2":"type-product","3":"status-publish","4":"has-post-thumbnail","6":"product_cat-s","7":"pa_packungsgroesse-50g","9":"first","10":"instock","11":"shipping-taxable","12":"purchasable","13":"product-type-simple"},"acf":[],"_links":{"self":[{"href":"https:\/\/www.ernstbrunn-apotheke.at\/katalog\/wp-json\/wp\/v2\/product\/68559","targetHints":{"allow":["GET"]}}],"collection":[{"href":"https:\/\/www.ernstbrunn-apotheke.at\/katalog\/wp-json\/wp\/v2\/product"}],"about":[{"href":"https:\/\/www.ernstbrunn-apotheke.at\/katalog\/wp-json\/wp\/v2\/types\/product"}],"wp:featuredmedia":[{"embeddable":true,"href":"https:\/\/www.ernstbrunn-apotheke.at\/katalog\/wp-json\/wp\/v2\/media\/68561"}],"wp:attachment":[{"href":"https:\/\/www.ernstbrunn-apotheke.at\/katalog\/wp-json\/wp\/v2\/media?parent=68559"}],"wp:term":[{"taxonomy":"product_brand","embeddable":true,"href":"https:\/\/www.ernstbrunn-apotheke.at\/katalog\/wp-json\/wp\/v2\/product_brand?post=68559"},{"taxonomy":"product_cat","embeddable":true,"href":"https:\/\/www.ernstbrunn-apotheke.at\/katalog\/wp-json\/wp\/v2\/product_cat?post=68559"},{"taxonomy":"product_tag","embeddable":true,"href":"https:\/\/www.ernstbrunn-apotheke.at\/katalog\/wp-json\/wp\/v2\/product_tag?post=68559"}],"curies":[{"name":"wp","href":"https:\/\/api.w.org\/{rel}","templated":true}]}}