{"id":68524,"date":"2025-11-11T18:29:31","date_gmt":"2025-11-11T17:29:31","guid":{"rendered":"https:\/\/www.ernstbrunn-apotheke.at\/katalog\/produkt\/holle-bio-baby-beikost-oel-250-ml\/"},"modified":"2025-12-08T18:02:58","modified_gmt":"2025-12-08T17:02:58","slug":"holle-bio-baby-beikost-oel-250-ml","status":"publish","type":"product","link":"https:\/\/www.ernstbrunn-apotheke.at\/katalog\/produkt\/holle-bio-baby-beikost-oel-250-ml\/","title":{"rendered":"Holle BIO Baby Beikost \u00d6l 250 ml"},"content":{"rendered":"<p>Holle BIO Baby Beikost \u00d6l ist ein wichtiges Produkt f\u00fcr alle Kinder im Beikostalter und ein wichtiger Bestandteil einer ausgewogenen Babyern\u00e4hrung. Es versorgt mit Energie und essentiellen Fetts\u00e4uren und kann sowohl zu Gem\u00fcse- und Obstmalzeiten als auch Babygl\u00e4schen beigemischt werden.<\/p>\n","protected":false},"excerpt":{"rendered":"<p>Holle BIO Baby Beikost \u00d6l ist ein wichtiges Produkt f\u00fcr alle Kinder im Beikostalter und ein wichtiger Bestandteil einer ausgewogenen Babyern\u00e4hrung. Es versorgt mit Energie und essentiellen Fetts\u00e4uren und kann sowohl zu Gem\u00fcse- und Obstmalzeiten als auch Babygl\u00e4schen beigemischt werden.<\/p>\n","protected":false},"featured_media":68526,"template":"","meta":{"_acf_changed":false},"product_brand":[],"product_cat":[805],"product_tag":[],"class_list":{"0":"post-68524","1":"product","2":"type-product","3":"status-publish","4":"has-post-thumbnail","6":"product_cat-h","7":"pa_packungsgroesse-250ml","9":"first","10":"instock","11":"shipping-taxable","12":"purchasable","13":"product-type-simple"},"acf":[],"_links":{"self":[{"href":"https:\/\/www.ernstbrunn-apotheke.at\/katalog\/wp-json\/wp\/v2\/product\/68524","targetHints":{"allow":["GET"]}}],"collection":[{"href":"https:\/\/www.ernstbrunn-apotheke.at\/katalog\/wp-json\/wp\/v2\/product"}],"about":[{"href":"https:\/\/www.ernstbrunn-apotheke.at\/katalog\/wp-json\/wp\/v2\/types\/product"}],"wp:featuredmedia":[{"embeddable":true,"href":"https:\/\/www.ernstbrunn-apotheke.at\/katalog\/wp-json\/wp\/v2\/media\/68526"}],"wp:attachment":[{"href":"https:\/\/www.ernstbrunn-apotheke.at\/katalog\/wp-json\/wp\/v2\/media?parent=68524"}],"wp:term":[{"taxonomy":"product_brand","embeddable":true,"href":"https:\/\/www.ernstbrunn-apotheke.at\/katalog\/wp-json\/wp\/v2\/product_brand?post=68524"},{"taxonomy":"product_cat","embeddable":true,"href":"https:\/\/www.ernstbrunn-apotheke.at\/katalog\/wp-json\/wp\/v2\/product_cat?post=68524"},{"taxonomy":"product_tag","embeddable":true,"href":"https:\/\/www.ernstbrunn-apotheke.at\/katalog\/wp-json\/wp\/v2\/product_tag?post=68524"}],"curies":[{"name":"wp","href":"https:\/\/api.w.org\/{rel}","templated":true}]}}