{"id":68388,"date":"2025-11-11T18:25:48","date_gmt":"2025-11-11T17:25:48","guid":{"rendered":"https:\/\/www.ernstbrunn-apotheke.at\/katalog\/produkt\/lotio-aktiv-kuehlendes-pflegegel-200-ml\/"},"modified":"2025-12-08T18:02:27","modified_gmt":"2025-12-08T17:02:27","slug":"lotio-aktiv-kuehlendes-pflegegel-200-ml","status":"publish","type":"product","link":"https:\/\/www.ernstbrunn-apotheke.at\/katalog\/produkt\/lotio-aktiv-kuehlendes-pflegegel-200-ml\/","title":{"rendered":"Lotio Aktiv k\u00fchlendes Pflegegel 200 ml"},"content":{"rendered":"<p>Lotio Aktiv k\u00fchlendes Pflegegel 200 ml belebt und f\u00f6rdert die Durchblutung. Die Blutzirkulation der Haut wird verbessert durch die Erzeugung einer nachhaltigen Verdunstungsk\u00e4lte. Ihre Haut kann sich besser regenerieren. Das Pflegegel unterst\u00fctzt die Therapie von Zerrungen, Prellungen, Stauchungen sowie Muskel- und Gelenkschmerzen. Der Wirkstoffkomplex aus Panthenol und Hamamelis-Extrakt pflegt empfindliche Haut und verhindert Hautreizungen &#8211; jetzt mit hohem Rabatt in Ihrer Onlineapotheke bestellen!<\/p>\n","protected":false},"excerpt":{"rendered":"<p>Lotio Aktiv k\u00fchlendes Pflegegel 200 ml belebt und f\u00f6rdert die Durchblutung. Die Blutzirkulation der Haut wird verbessert durch die Erzeugung einer nachhaltigen Verdunstungsk\u00e4lte. Ihre Haut kann sich besser regenerieren. Das Pflegegel unterst\u00fctzt die Therapie von Zerrungen, Prellungen, Stauchungen sowie Muskel- und Gelenkschmerzen. Der Wirkstoffkomplex aus Panthenol und Hamamelis-Extrakt pflegt empfindliche Haut und verhindert Hautreizungen &#8211; [&hellip;]<\/p>\n","protected":false},"featured_media":68390,"template":"","meta":{"_acf_changed":false},"product_brand":[],"product_cat":[795],"product_tag":[],"class_list":{"0":"post-68388","1":"product","2":"type-product","3":"status-publish","4":"has-post-thumbnail","6":"product_cat-l","7":"pa_packungsgroesse-200ml","9":"first","10":"instock","11":"shipping-taxable","12":"purchasable","13":"product-type-simple"},"acf":[],"_links":{"self":[{"href":"https:\/\/www.ernstbrunn-apotheke.at\/katalog\/wp-json\/wp\/v2\/product\/68388","targetHints":{"allow":["GET"]}}],"collection":[{"href":"https:\/\/www.ernstbrunn-apotheke.at\/katalog\/wp-json\/wp\/v2\/product"}],"about":[{"href":"https:\/\/www.ernstbrunn-apotheke.at\/katalog\/wp-json\/wp\/v2\/types\/product"}],"wp:featuredmedia":[{"embeddable":true,"href":"https:\/\/www.ernstbrunn-apotheke.at\/katalog\/wp-json\/wp\/v2\/media\/68390"}],"wp:attachment":[{"href":"https:\/\/www.ernstbrunn-apotheke.at\/katalog\/wp-json\/wp\/v2\/media?parent=68388"}],"wp:term":[{"taxonomy":"product_brand","embeddable":true,"href":"https:\/\/www.ernstbrunn-apotheke.at\/katalog\/wp-json\/wp\/v2\/product_brand?post=68388"},{"taxonomy":"product_cat","embeddable":true,"href":"https:\/\/www.ernstbrunn-apotheke.at\/katalog\/wp-json\/wp\/v2\/product_cat?post=68388"},{"taxonomy":"product_tag","embeddable":true,"href":"https:\/\/www.ernstbrunn-apotheke.at\/katalog\/wp-json\/wp\/v2\/product_tag?post=68388"}],"curies":[{"name":"wp","href":"https:\/\/api.w.org\/{rel}","templated":true}]}}