{"id":68375,"date":"2025-11-11T18:25:48","date_gmt":"2025-11-11T17:25:48","guid":{"rendered":"https:\/\/www.ernstbrunn-apotheke.at\/katalog\/produkt\/floramed-beauty-kollagen-pulver\/"},"modified":"2025-12-08T18:02:24","modified_gmt":"2025-12-08T17:02:24","slug":"floramed-beauty-kollagen-pulver","status":"publish","type":"product","link":"https:\/\/www.ernstbrunn-apotheke.at\/katalog\/produkt\/floramed-beauty-kollagen-pulver\/","title":{"rendered":"Floramed Beauty &#8211; Kollagen Pulver"},"content":{"rendered":"<p>Beauty-Kollagen Pulver, 300g Vitamin C unterst\u00fctzt die Hautkollagenbildung. Mangan unterst\u00fctzt die Bindegewebsbildung.Health Claims &#8211; gesundheitsbezogene AussagenVitamin C tr\u00e4gt zu einer normalen Kollagenbildung f\u00fcr eine normale Funktion der Haut beiMangan tr\u00e4gt zu einer normalen Bindegewebsbildung beiVitamin C, Vitamin E und Zink tragen dazu, die Zellen vor oxidativem Stress zu sch\u00fctzenBiotin und Vitamin B2 tragen zur Erhaltung normaler Haut bei<\/p>\n","protected":false},"excerpt":{"rendered":"<p>Beauty-Kollagen Pulver, 300g Vitamin C unterst\u00fctzt die Hautkollagenbildung. Mangan unterst\u00fctzt die Bindegewebsbildung.Health Claims &#8211; gesundheitsbezogene AussagenVitamin C tr\u00e4gt zu einer normalen Kollagenbildung f\u00fcr eine normale Funktion der Haut beiMangan tr\u00e4gt zu einer normalen Bindegewebsbildung beiVitamin C, Vitamin E und Zink tragen dazu, die Zellen vor oxidativem Stress zu sch\u00fctzenBiotin und Vitamin B2 tragen zur Erhaltung [&hellip;]<\/p>\n","protected":false},"featured_media":68377,"template":"","meta":{"_acf_changed":false},"product_brand":[],"product_cat":[809],"product_tag":[],"class_list":{"0":"post-68375","1":"product","2":"type-product","3":"status-publish","4":"has-post-thumbnail","6":"product_cat-f","7":"pa_packungsgroesse-300g","9":"first","10":"instock","11":"shipping-taxable","12":"purchasable","13":"product-type-simple"},"acf":[],"_links":{"self":[{"href":"https:\/\/www.ernstbrunn-apotheke.at\/katalog\/wp-json\/wp\/v2\/product\/68375","targetHints":{"allow":["GET"]}}],"collection":[{"href":"https:\/\/www.ernstbrunn-apotheke.at\/katalog\/wp-json\/wp\/v2\/product"}],"about":[{"href":"https:\/\/www.ernstbrunn-apotheke.at\/katalog\/wp-json\/wp\/v2\/types\/product"}],"wp:featuredmedia":[{"embeddable":true,"href":"https:\/\/www.ernstbrunn-apotheke.at\/katalog\/wp-json\/wp\/v2\/media\/68377"}],"wp:attachment":[{"href":"https:\/\/www.ernstbrunn-apotheke.at\/katalog\/wp-json\/wp\/v2\/media?parent=68375"}],"wp:term":[{"taxonomy":"product_brand","embeddable":true,"href":"https:\/\/www.ernstbrunn-apotheke.at\/katalog\/wp-json\/wp\/v2\/product_brand?post=68375"},{"taxonomy":"product_cat","embeddable":true,"href":"https:\/\/www.ernstbrunn-apotheke.at\/katalog\/wp-json\/wp\/v2\/product_cat?post=68375"},{"taxonomy":"product_tag","embeddable":true,"href":"https:\/\/www.ernstbrunn-apotheke.at\/katalog\/wp-json\/wp\/v2\/product_tag?post=68375"}],"curies":[{"name":"wp","href":"https:\/\/api.w.org\/{rel}","templated":true}]}}