{"id":68352,"date":"2025-11-11T18:25:48","date_gmt":"2025-11-11T17:25:48","guid":{"rendered":"https:\/\/www.ernstbrunn-apotheke.at\/katalog\/produkt\/arganoel-arganpur-pflegeoel-100-ml\/"},"modified":"2025-12-08T18:02:19","modified_gmt":"2025-12-08T17:02:19","slug":"arganoel-arganpur-pflegeoel-100-ml","status":"publish","type":"product","link":"https:\/\/www.ernstbrunn-apotheke.at\/katalog\/produkt\/arganoel-arganpur-pflegeoel-100-ml\/","title":{"rendered":"Argan\u00f6l Arganpur Pflege\u00f6l 100 ml"},"content":{"rendered":"<p>Argan\u00f6l Arganpur Pflege\u00f6l ist geruchs- und geschmacksneutral. Es wird aus unbehandelten Arganbaumkernen in Kaltpressung hergestellt. Sch\u00f6nheit pur! ArganPUR Argan\u00f6l ist reich an wertvollen Inhaltsstoffen. Es versorgt die Haut mit Feuchtigkeit und revitalisiert sie. Das \u00d6l macht trockene Hautstellen samtweich und glatt.<\/p>\n","protected":false},"excerpt":{"rendered":"<p>Argan\u00f6l Arganpur Pflege\u00f6l ist geruchs- und geschmacksneutral. Es wird aus unbehandelten Arganbaumkernen in Kaltpressung hergestellt. Sch\u00f6nheit pur! ArganPUR Argan\u00f6l ist reich an wertvollen Inhaltsstoffen. Es versorgt die Haut mit Feuchtigkeit und revitalisiert sie. Das \u00d6l macht trockene Hautstellen samtweich und glatt.<\/p>\n","protected":false},"featured_media":68354,"template":"","meta":{"_acf_changed":false},"product_brand":[],"product_cat":[801],"product_tag":[],"class_list":{"0":"post-68352","1":"product","2":"type-product","3":"status-publish","4":"has-post-thumbnail","6":"product_cat-a","7":"pa_packungsgroesse-100ml","9":"first","10":"instock","11":"shipping-taxable","12":"purchasable","13":"product-type-simple"},"acf":[],"_links":{"self":[{"href":"https:\/\/www.ernstbrunn-apotheke.at\/katalog\/wp-json\/wp\/v2\/product\/68352","targetHints":{"allow":["GET"]}}],"collection":[{"href":"https:\/\/www.ernstbrunn-apotheke.at\/katalog\/wp-json\/wp\/v2\/product"}],"about":[{"href":"https:\/\/www.ernstbrunn-apotheke.at\/katalog\/wp-json\/wp\/v2\/types\/product"}],"wp:featuredmedia":[{"embeddable":true,"href":"https:\/\/www.ernstbrunn-apotheke.at\/katalog\/wp-json\/wp\/v2\/media\/68354"}],"wp:attachment":[{"href":"https:\/\/www.ernstbrunn-apotheke.at\/katalog\/wp-json\/wp\/v2\/media?parent=68352"}],"wp:term":[{"taxonomy":"product_brand","embeddable":true,"href":"https:\/\/www.ernstbrunn-apotheke.at\/katalog\/wp-json\/wp\/v2\/product_brand?post=68352"},{"taxonomy":"product_cat","embeddable":true,"href":"https:\/\/www.ernstbrunn-apotheke.at\/katalog\/wp-json\/wp\/v2\/product_cat?post=68352"},{"taxonomy":"product_tag","embeddable":true,"href":"https:\/\/www.ernstbrunn-apotheke.at\/katalog\/wp-json\/wp\/v2\/product_tag?post=68352"}],"curies":[{"name":"wp","href":"https:\/\/api.w.org\/{rel}","templated":true}]}}