{"id":68330,"date":"2025-11-11T18:25:48","date_gmt":"2025-11-11T17:25:48","guid":{"rendered":"https:\/\/www.ernstbrunn-apotheke.at\/katalog\/produkt\/spirulina-bio-presslinge-planta-400-880-stk\/"},"modified":"2025-12-08T18:02:15","modified_gmt":"2025-12-08T17:02:15","slug":"spirulina-bio-presslinge-planta-400-880-stk","status":"publish","type":"product","link":"https:\/\/www.ernstbrunn-apotheke.at\/katalog\/produkt\/spirulina-bio-presslinge-planta-400-880-stk\/","title":{"rendered":"Spirulina Bio Presslinge Planta 400 880 Stk."},"content":{"rendered":"<p>Plantanatur Spirulina Bio Presslinge unterst\u00fctzen das Immunsystem, verlangsamen Alterungsprozesse und sch\u00fctzen vor Viruserkrankungen. Spirulina ist eine kraftvolle S\u00fc\u00dfwasseralge, eine Mikroalge, die aufgrund ihrer Spiralenform so bezeichnet wird. Ihr werden zahlreiche immunst\u00e4rkende Eigenschaften nachgesagt und sie kann zur Senkung der Bluttfettwerte und des Blutdrucks beitragen. Plantanatur Spirulina Bio Presslinge 400mg kann die Gefahr von Herz-Kreislauf-Erkrankungen senken. Auch allergische Reaktionen k\u00f6nnen abgemildert werden. Spirulina wird au\u00dferdem ein Schutz vor Virusinfektionen nachgesagt.Plantanatur Spirulina Bio Presslinge 400mg ist ein Nahrungserg\u00e4nzungsmittel dem eine immunst\u00e4rkende Wirkung nachgesagt wird. Es kann vor Virusinfektionen sch\u00fctzen, den Blutdruck senken, die Bluttfettwerte verbessern sowie die Gefahr von Herz-Kreislauferkrankungen verringern. .<\/p>\n","protected":false},"excerpt":{"rendered":"<p>Plantanatur Spirulina Bio Presslinge unterst\u00fctzen das Immunsystem, verlangsamen Alterungsprozesse und sch\u00fctzen vor Viruserkrankungen. Spirulina ist eine kraftvolle S\u00fc\u00dfwasseralge, eine Mikroalge, die aufgrund ihrer Spiralenform so bezeichnet wird. Ihr werden zahlreiche immunst\u00e4rkende Eigenschaften nachgesagt und sie kann zur Senkung der Bluttfettwerte und des Blutdrucks beitragen. Plantanatur Spirulina Bio Presslinge 400mg kann die Gefahr von Herz-Kreislauf-Erkrankungen senken. [&hellip;]<\/p>\n","protected":false},"featured_media":68332,"template":"","meta":{"_acf_changed":false},"product_brand":[],"product_cat":[791],"product_tag":[],"class_list":{"0":"post-68330","1":"product","2":"type-product","3":"status-publish","4":"has-post-thumbnail","6":"product_cat-s","7":"pa_packungsgroesse-880-stueck","9":"first","10":"instock","11":"shipping-taxable","12":"purchasable","13":"product-type-simple"},"acf":[],"_links":{"self":[{"href":"https:\/\/www.ernstbrunn-apotheke.at\/katalog\/wp-json\/wp\/v2\/product\/68330","targetHints":{"allow":["GET"]}}],"collection":[{"href":"https:\/\/www.ernstbrunn-apotheke.at\/katalog\/wp-json\/wp\/v2\/product"}],"about":[{"href":"https:\/\/www.ernstbrunn-apotheke.at\/katalog\/wp-json\/wp\/v2\/types\/product"}],"wp:featuredmedia":[{"embeddable":true,"href":"https:\/\/www.ernstbrunn-apotheke.at\/katalog\/wp-json\/wp\/v2\/media\/68332"}],"wp:attachment":[{"href":"https:\/\/www.ernstbrunn-apotheke.at\/katalog\/wp-json\/wp\/v2\/media?parent=68330"}],"wp:term":[{"taxonomy":"product_brand","embeddable":true,"href":"https:\/\/www.ernstbrunn-apotheke.at\/katalog\/wp-json\/wp\/v2\/product_brand?post=68330"},{"taxonomy":"product_cat","embeddable":true,"href":"https:\/\/www.ernstbrunn-apotheke.at\/katalog\/wp-json\/wp\/v2\/product_cat?post=68330"},{"taxonomy":"product_tag","embeddable":true,"href":"https:\/\/www.ernstbrunn-apotheke.at\/katalog\/wp-json\/wp\/v2\/product_tag?post=68330"}],"curies":[{"name":"wp","href":"https:\/\/api.w.org\/{rel}","templated":true}]}}