{"id":68193,"date":"2025-11-11T18:23:09","date_gmt":"2025-11-11T17:23:09","guid":{"rendered":"https:\/\/www.ernstbrunn-apotheke.at\/katalog\/produkt\/echinaforce-tabletten-120-stk\/"},"modified":"2025-12-08T18:01:31","modified_gmt":"2025-12-08T17:01:31","slug":"echinaforce-tabletten-120-stk","status":"publish","type":"product","link":"https:\/\/www.ernstbrunn-apotheke.at\/katalog\/produkt\/echinaforce-tabletten-120-stk\/","title":{"rendered":"Echinaforce Tabletten 120 Stk."},"content":{"rendered":"<p>Echinaforce Tabletten 120 Stk. dienen als unterst\u00fctzende Behandlung und zur Vorbeugung immer wieder kehrender Infekte wie Erk\u00e4ltungskrankheiten. Mit dem Extrakt des roten Sonnenhutes bewirkt Echinaforce eine Steigerung der k\u00f6rpereigenen Abwehr, Entz\u00fcndungsprozesse werden verk\u00fcrzt und die Heilung gef\u00f6rdert &#8211; als Standortapotheke bieten wir Ihnen 100 % Sicherheit und ausschlie\u00dflich Originalprodukte!<\/p>\n","protected":false},"excerpt":{"rendered":"<p>Echinaforce Tabletten 120 Stk. dienen als unterst\u00fctzende Behandlung und zur Vorbeugung immer wieder kehrender Infekte wie Erk\u00e4ltungskrankheiten. Mit dem Extrakt des roten Sonnenhutes bewirkt Echinaforce eine Steigerung der k\u00f6rpereigenen Abwehr, Entz\u00fcndungsprozesse werden verk\u00fcrzt und die Heilung gef\u00f6rdert &#8211; als Standortapotheke bieten wir Ihnen 100 % Sicherheit und ausschlie\u00dflich Originalprodukte!<\/p>\n","protected":false},"featured_media":68195,"template":"","meta":{"_acf_changed":false},"product_brand":[],"product_cat":[794],"product_tag":[],"class_list":{"0":"post-68193","1":"product","2":"type-product","3":"status-publish","4":"has-post-thumbnail","6":"product_cat-e","7":"pa_packungsgroesse-120-stueck","9":"first","10":"instock","11":"shipping-taxable","12":"purchasable","13":"product-type-simple"},"acf":[],"_links":{"self":[{"href":"https:\/\/www.ernstbrunn-apotheke.at\/katalog\/wp-json\/wp\/v2\/product\/68193","targetHints":{"allow":["GET"]}}],"collection":[{"href":"https:\/\/www.ernstbrunn-apotheke.at\/katalog\/wp-json\/wp\/v2\/product"}],"about":[{"href":"https:\/\/www.ernstbrunn-apotheke.at\/katalog\/wp-json\/wp\/v2\/types\/product"}],"wp:featuredmedia":[{"embeddable":true,"href":"https:\/\/www.ernstbrunn-apotheke.at\/katalog\/wp-json\/wp\/v2\/media\/68195"}],"wp:attachment":[{"href":"https:\/\/www.ernstbrunn-apotheke.at\/katalog\/wp-json\/wp\/v2\/media?parent=68193"}],"wp:term":[{"taxonomy":"product_brand","embeddable":true,"href":"https:\/\/www.ernstbrunn-apotheke.at\/katalog\/wp-json\/wp\/v2\/product_brand?post=68193"},{"taxonomy":"product_cat","embeddable":true,"href":"https:\/\/www.ernstbrunn-apotheke.at\/katalog\/wp-json\/wp\/v2\/product_cat?post=68193"},{"taxonomy":"product_tag","embeddable":true,"href":"https:\/\/www.ernstbrunn-apotheke.at\/katalog\/wp-json\/wp\/v2\/product_tag?post=68193"}],"curies":[{"name":"wp","href":"https:\/\/api.w.org\/{rel}","templated":true}]}}