{"id":68171,"date":"2025-11-11T18:21:43","date_gmt":"2025-11-11T17:21:43","guid":{"rendered":"https:\/\/www.ernstbrunn-apotheke.at\/katalog\/produkt\/alkorin-pulver\/"},"modified":"2025-12-08T18:01:23","modified_gmt":"2025-12-08T17:01:23","slug":"alkorin-pulver","status":"publish","type":"product","link":"https:\/\/www.ernstbrunn-apotheke.at\/katalog\/produkt\/alkorin-pulver\/","title":{"rendered":"Alkorin Pulver"},"content":{"rendered":"<p>Alkorin\u00ae Pulver 100 g ist eine spezielle Kombination aus Vitaminen, Mineralstoffen und basischen Inhaltsstoffen. Es tr\u00e4gt bei ung\u00fcnstigem Lebensstil (wenig Schlaf, k\u00f6rperliche Belastungen) zur ausreichenden Versorgung dieser lebensnotwendigen N\u00e4hrstoffe bei. Die hochkonzentrierten Inhaltsstoffe unterst\u00fctzen den K\u00f6rper im Speziellen in folgenden Bereichen: Nerven- und Muskelfunktion, Elektrolytgleichgewicht, psychische Funktion, Verringerung von M\u00fcdigkeit, Energiestoffwechsel, Herzmuskelfunktion.<\/p>\n","protected":false},"excerpt":{"rendered":"<p>Alkorin\u00ae Pulver 100 g ist eine spezielle Kombination aus Vitaminen, Mineralstoffen und basischen Inhaltsstoffen. Es tr\u00e4gt bei ung\u00fcnstigem Lebensstil (wenig Schlaf, k\u00f6rperliche Belastungen) zur ausreichenden Versorgung dieser lebensnotwendigen N\u00e4hrstoffe bei. Die hochkonzentrierten Inhaltsstoffe unterst\u00fctzen den K\u00f6rper im Speziellen in folgenden Bereichen: Nerven- und Muskelfunktion, Elektrolytgleichgewicht, psychische Funktion, Verringerung von M\u00fcdigkeit, Energiestoffwechsel, Herzmuskelfunktion.<\/p>\n","protected":false},"featured_media":68173,"template":"","meta":{"_acf_changed":false},"product_brand":[371],"product_cat":[801],"product_tag":[],"class_list":{"0":"post-68171","1":"product","2":"type-product","3":"status-publish","4":"has-post-thumbnail","6":"product_brand-gall-pharma","7":"product_cat-a","8":"pa_packungsgroesse-100g","10":"first","11":"instock","12":"shipping-taxable","13":"purchasable","14":"product-type-simple"},"acf":[],"_links":{"self":[{"href":"https:\/\/www.ernstbrunn-apotheke.at\/katalog\/wp-json\/wp\/v2\/product\/68171","targetHints":{"allow":["GET"]}}],"collection":[{"href":"https:\/\/www.ernstbrunn-apotheke.at\/katalog\/wp-json\/wp\/v2\/product"}],"about":[{"href":"https:\/\/www.ernstbrunn-apotheke.at\/katalog\/wp-json\/wp\/v2\/types\/product"}],"wp:featuredmedia":[{"embeddable":true,"href":"https:\/\/www.ernstbrunn-apotheke.at\/katalog\/wp-json\/wp\/v2\/media\/68173"}],"wp:attachment":[{"href":"https:\/\/www.ernstbrunn-apotheke.at\/katalog\/wp-json\/wp\/v2\/media?parent=68171"}],"wp:term":[{"taxonomy":"product_brand","embeddable":true,"href":"https:\/\/www.ernstbrunn-apotheke.at\/katalog\/wp-json\/wp\/v2\/product_brand?post=68171"},{"taxonomy":"product_cat","embeddable":true,"href":"https:\/\/www.ernstbrunn-apotheke.at\/katalog\/wp-json\/wp\/v2\/product_cat?post=68171"},{"taxonomy":"product_tag","embeddable":true,"href":"https:\/\/www.ernstbrunn-apotheke.at\/katalog\/wp-json\/wp\/v2\/product_tag?post=68171"}],"curies":[{"name":"wp","href":"https:\/\/api.w.org\/{rel}","templated":true}]}}