{"id":68155,"date":"2025-11-11T18:21:43","date_gmt":"2025-11-11T17:21:43","guid":{"rendered":"https:\/\/www.ernstbrunn-apotheke.at\/katalog\/produkt\/allgaeuer-latschenkiefer-mobil-eisspray-150-ml\/"},"modified":"2025-12-08T18:01:18","modified_gmt":"2025-12-08T17:01:18","slug":"allgaeuer-latschenkiefer-mobil-eisspray-150-ml","status":"publish","type":"product","link":"https:\/\/www.ernstbrunn-apotheke.at\/katalog\/produkt\/allgaeuer-latschenkiefer-mobil-eisspray-150-ml\/","title":{"rendered":"Allg\u00e4uer Latschenkiefer Mobil Eisspray 150 ml"},"content":{"rendered":"<p>Allg\u00e4uer Latschenkiefer Mobil Eisspray dient zur Schmerzhemmung bei stumpfen akuten Traumata. Das physikalisch wirkende Lokalan\u00e4sthetikum k\u00fchlt und lindert den Schmerz sofort. F\u00fcr stumpfe, geschlossene Verletzungen wie Zerrungen, Prellungen und Verstauchungen.<\/p>\n","protected":false},"excerpt":{"rendered":"<p>Allg\u00e4uer Latschenkiefer Mobil Eisspray dient zur Schmerzhemmung bei stumpfen akuten Traumata. Das physikalisch wirkende Lokalan\u00e4sthetikum k\u00fchlt und lindert den Schmerz sofort. F\u00fcr stumpfe, geschlossene Verletzungen wie Zerrungen, Prellungen und Verstauchungen.<\/p>\n","protected":false},"featured_media":68157,"template":"","meta":{"_acf_changed":false},"product_brand":[744],"product_cat":[801],"product_tag":[],"class_list":{"0":"post-68155","1":"product","2":"type-product","3":"status-publish","4":"has-post-thumbnail","6":"product_brand-allgaeuer-latschenkiefer","7":"product_cat-a","8":"pa_packungsgroesse-150ml","10":"first","11":"instock","12":"shipping-taxable","13":"purchasable","14":"product-type-simple"},"acf":[],"_links":{"self":[{"href":"https:\/\/www.ernstbrunn-apotheke.at\/katalog\/wp-json\/wp\/v2\/product\/68155","targetHints":{"allow":["GET"]}}],"collection":[{"href":"https:\/\/www.ernstbrunn-apotheke.at\/katalog\/wp-json\/wp\/v2\/product"}],"about":[{"href":"https:\/\/www.ernstbrunn-apotheke.at\/katalog\/wp-json\/wp\/v2\/types\/product"}],"wp:featuredmedia":[{"embeddable":true,"href":"https:\/\/www.ernstbrunn-apotheke.at\/katalog\/wp-json\/wp\/v2\/media\/68157"}],"wp:attachment":[{"href":"https:\/\/www.ernstbrunn-apotheke.at\/katalog\/wp-json\/wp\/v2\/media?parent=68155"}],"wp:term":[{"taxonomy":"product_brand","embeddable":true,"href":"https:\/\/www.ernstbrunn-apotheke.at\/katalog\/wp-json\/wp\/v2\/product_brand?post=68155"},{"taxonomy":"product_cat","embeddable":true,"href":"https:\/\/www.ernstbrunn-apotheke.at\/katalog\/wp-json\/wp\/v2\/product_cat?post=68155"},{"taxonomy":"product_tag","embeddable":true,"href":"https:\/\/www.ernstbrunn-apotheke.at\/katalog\/wp-json\/wp\/v2\/product_tag?post=68155"}],"curies":[{"name":"wp","href":"https:\/\/api.w.org\/{rel}","templated":true}]}}