{"id":68123,"date":"2025-11-11T18:21:43","date_gmt":"2025-11-11T17:21:43","guid":{"rendered":"https:\/\/www.ernstbrunn-apotheke.at\/katalog\/produkt\/australische-buschbluetenessenz-relationship-30-ml\/"},"modified":"2025-12-08T18:01:11","modified_gmt":"2025-12-08T17:01:11","slug":"australische-buschbluetenessenz-relationship-30-ml","status":"publish","type":"product","link":"https:\/\/www.ernstbrunn-apotheke.at\/katalog\/produkt\/australische-buschbluetenessenz-relationship-30-ml\/","title":{"rendered":"Australische Buschbl\u00fctenessenz Relationship 30 ml"},"content":{"rendered":"<p>Australische Buschbl\u00fctenessenz Relationship hilft, die Qualit\u00e4t aller Beziehungen, besonders der intimen, zu verbessern. Die Beziehungsessenz kl\u00e4rt und l\u00f6st Groll, blockierte Gef\u00fchle, Verwirrungen, Gef\u00fchlsschmerz und Unruhe in einer Beziehung. Dar\u00fcber hinaus hilft sie, Gef\u00fchle in Worte zu fassen und verbessert dadurch die Kommunikation.<\/p>\n","protected":false},"excerpt":{"rendered":"<p>Australische Buschbl\u00fctenessenz Relationship hilft, die Qualit\u00e4t aller Beziehungen, besonders der intimen, zu verbessern. Die Beziehungsessenz kl\u00e4rt und l\u00f6st Groll, blockierte Gef\u00fchle, Verwirrungen, Gef\u00fchlsschmerz und Unruhe in einer Beziehung. Dar\u00fcber hinaus hilft sie, Gef\u00fchle in Worte zu fassen und verbessert dadurch die Kommunikation.<\/p>\n","protected":false},"featured_media":0,"template":"","meta":{"_acf_changed":false},"product_brand":[930],"product_cat":[801],"product_tag":[],"class_list":{"0":"post-68123","1":"product","2":"type-product","3":"status-publish","5":"product_brand-australische-buschblueten","6":"product_cat-a","7":"pa_packungsgroesse-30ml","9":"first","10":"instock","11":"shipping-taxable","12":"purchasable","13":"product-type-simple"},"acf":[],"_links":{"self":[{"href":"https:\/\/www.ernstbrunn-apotheke.at\/katalog\/wp-json\/wp\/v2\/product\/68123","targetHints":{"allow":["GET"]}}],"collection":[{"href":"https:\/\/www.ernstbrunn-apotheke.at\/katalog\/wp-json\/wp\/v2\/product"}],"about":[{"href":"https:\/\/www.ernstbrunn-apotheke.at\/katalog\/wp-json\/wp\/v2\/types\/product"}],"wp:attachment":[{"href":"https:\/\/www.ernstbrunn-apotheke.at\/katalog\/wp-json\/wp\/v2\/media?parent=68123"}],"wp:term":[{"taxonomy":"product_brand","embeddable":true,"href":"https:\/\/www.ernstbrunn-apotheke.at\/katalog\/wp-json\/wp\/v2\/product_brand?post=68123"},{"taxonomy":"product_cat","embeddable":true,"href":"https:\/\/www.ernstbrunn-apotheke.at\/katalog\/wp-json\/wp\/v2\/product_cat?post=68123"},{"taxonomy":"product_tag","embeddable":true,"href":"https:\/\/www.ernstbrunn-apotheke.at\/katalog\/wp-json\/wp\/v2\/product_tag?post=68123"}],"curies":[{"name":"wp","href":"https:\/\/api.w.org\/{rel}","templated":true}]}}