{"id":68092,"date":"2025-11-11T18:20:58","date_gmt":"2025-11-11T17:20:58","guid":{"rendered":"https:\/\/www.ernstbrunn-apotheke.at\/katalog\/produkt\/miradent-i-prox-l-6-stk-weiss\/"},"modified":"2025-12-08T18:00:56","modified_gmt":"2025-12-08T17:00:56","slug":"miradent-i-prox-l-6-stk-weiss","status":"publish","type":"product","link":"https:\/\/www.ernstbrunn-apotheke.at\/katalog\/produkt\/miradent-i-prox-l-6-stk-weiss\/","title":{"rendered":"Miradent I-Prox L 6 Stk. Wei\u00df"},"content":{"rendered":"<p>Der OTC-Markt in Apotheken boomt. L\u00e4ngst verstehen die Menschen ihre Apotheke nicht mehr nur als Abholungsort f\u00fcr Medikamente, sondern als Haus der Gesundheit. Doch was ist wirklich erfolgreich im Bereich der Frei- und Sichtwahlprodukte\u2013 Der Gesundheitsmarkt fragt nach Beratung und vertraut den Anbietern, deren Sortimente nachhaltig \u00fcberzeugen.Hier ist Hager Pharma einer der wichtigsten Ansprechpartner in Deutschland und \u00d6sterreich<\/p>\n","protected":false},"excerpt":{"rendered":"<p>Der OTC-Markt in Apotheken boomt. L\u00e4ngst verstehen die Menschen ihre Apotheke nicht mehr nur als Abholungsort f\u00fcr Medikamente, sondern als Haus der Gesundheit. Doch was ist wirklich erfolgreich im Bereich der Frei- und Sichtwahlprodukte\u2013 Der Gesundheitsmarkt fragt nach Beratung und vertraut den Anbietern, deren Sortimente nachhaltig \u00fcberzeugen.Hier ist Hager Pharma einer der wichtigsten Ansprechpartner in [&hellip;]<\/p>\n","protected":false},"featured_media":68094,"template":"","meta":{"_acf_changed":false},"product_brand":[872],"product_cat":[800],"product_tag":[],"class_list":{"0":"post-68092","1":"product","2":"type-product","3":"status-publish","4":"has-post-thumbnail","6":"product_brand-miradent","7":"product_cat-m","8":"pa_packungsgroesse-6-stueck","10":"first","11":"instock","12":"shipping-taxable","13":"purchasable","14":"product-type-simple"},"acf":[],"_links":{"self":[{"href":"https:\/\/www.ernstbrunn-apotheke.at\/katalog\/wp-json\/wp\/v2\/product\/68092","targetHints":{"allow":["GET"]}}],"collection":[{"href":"https:\/\/www.ernstbrunn-apotheke.at\/katalog\/wp-json\/wp\/v2\/product"}],"about":[{"href":"https:\/\/www.ernstbrunn-apotheke.at\/katalog\/wp-json\/wp\/v2\/types\/product"}],"wp:featuredmedia":[{"embeddable":true,"href":"https:\/\/www.ernstbrunn-apotheke.at\/katalog\/wp-json\/wp\/v2\/media\/68094"}],"wp:attachment":[{"href":"https:\/\/www.ernstbrunn-apotheke.at\/katalog\/wp-json\/wp\/v2\/media?parent=68092"}],"wp:term":[{"taxonomy":"product_brand","embeddable":true,"href":"https:\/\/www.ernstbrunn-apotheke.at\/katalog\/wp-json\/wp\/v2\/product_brand?post=68092"},{"taxonomy":"product_cat","embeddable":true,"href":"https:\/\/www.ernstbrunn-apotheke.at\/katalog\/wp-json\/wp\/v2\/product_cat?post=68092"},{"taxonomy":"product_tag","embeddable":true,"href":"https:\/\/www.ernstbrunn-apotheke.at\/katalog\/wp-json\/wp\/v2\/product_tag?post=68092"}],"curies":[{"name":"wp","href":"https:\/\/api.w.org\/{rel}","templated":true}]}}