{"id":68083,"date":"2025-11-11T18:20:58","date_gmt":"2025-11-11T17:20:58","guid":{"rendered":"https:\/\/www.ernstbrunn-apotheke.at\/katalog\/produkt\/bioflora-lab-aloe-vera-gel-75-ml\/"},"modified":"2025-12-08T18:00:53","modified_gmt":"2025-12-08T17:00:53","slug":"bioflora-lab-aloe-vera-gel-75-ml","status":"publish","type":"product","link":"https:\/\/www.ernstbrunn-apotheke.at\/katalog\/produkt\/bioflora-lab-aloe-vera-gel-75-ml\/","title":{"rendered":"Bioflora LAB Aloe Vera Gel 75 ml"},"content":{"rendered":"<p>Ehrmed Bioflora Aloe Vera Gel wird bei irritierter, feuchtigkeitsarmer Haut verwendet, ist allerding auch bei Insektenstichen oder nach dem Sonnenbad anwendbar. Das Gel l\u00e4sst R\u00f6tungen nach zuviel Sonne abklingen und versorgt die Haut wieder mit Feuchtigkeit. F\u00fcr jeden Hauttyp geeignet. Regeneriert und sch\u00fctzt.<\/p>\n","protected":false},"excerpt":{"rendered":"<p>Ehrmed Bioflora Aloe Vera Gel wird bei irritierter, feuchtigkeitsarmer Haut verwendet, ist allerding auch bei Insektenstichen oder nach dem Sonnenbad anwendbar. Das Gel l\u00e4sst R\u00f6tungen nach zuviel Sonne abklingen und versorgt die Haut wieder mit Feuchtigkeit. F\u00fcr jeden Hauttyp geeignet. Regeneriert und sch\u00fctzt.<\/p>\n","protected":false},"featured_media":68085,"template":"","meta":{"_acf_changed":false},"product_brand":[434],"product_cat":[802],"product_tag":[],"class_list":{"0":"post-68083","1":"product","2":"type-product","3":"status-publish","4":"has-post-thumbnail","6":"product_brand-bioflora-lab","7":"product_cat-b","8":"pa_packungsgroesse-1-stueck","10":"first","11":"instock","12":"shipping-taxable","13":"purchasable","14":"product-type-simple"},"acf":[],"_links":{"self":[{"href":"https:\/\/www.ernstbrunn-apotheke.at\/katalog\/wp-json\/wp\/v2\/product\/68083","targetHints":{"allow":["GET"]}}],"collection":[{"href":"https:\/\/www.ernstbrunn-apotheke.at\/katalog\/wp-json\/wp\/v2\/product"}],"about":[{"href":"https:\/\/www.ernstbrunn-apotheke.at\/katalog\/wp-json\/wp\/v2\/types\/product"}],"wp:featuredmedia":[{"embeddable":true,"href":"https:\/\/www.ernstbrunn-apotheke.at\/katalog\/wp-json\/wp\/v2\/media\/68085"}],"wp:attachment":[{"href":"https:\/\/www.ernstbrunn-apotheke.at\/katalog\/wp-json\/wp\/v2\/media?parent=68083"}],"wp:term":[{"taxonomy":"product_brand","embeddable":true,"href":"https:\/\/www.ernstbrunn-apotheke.at\/katalog\/wp-json\/wp\/v2\/product_brand?post=68083"},{"taxonomy":"product_cat","embeddable":true,"href":"https:\/\/www.ernstbrunn-apotheke.at\/katalog\/wp-json\/wp\/v2\/product_cat?post=68083"},{"taxonomy":"product_tag","embeddable":true,"href":"https:\/\/www.ernstbrunn-apotheke.at\/katalog\/wp-json\/wp\/v2\/product_tag?post=68083"}],"curies":[{"name":"wp","href":"https:\/\/api.w.org\/{rel}","templated":true}]}}