{"id":68030,"date":"2025-11-11T18:19:22","date_gmt":"2025-11-11T17:19:22","guid":{"rendered":"https:\/\/www.ernstbrunn-apotheke.at\/katalog\/produkt\/ultrastop-15-ml-spray\/"},"modified":"2025-12-08T18:00:35","modified_gmt":"2025-12-08T17:00:35","slug":"ultrastop-15-ml-spray","status":"publish","type":"product","link":"https:\/\/www.ernstbrunn-apotheke.at\/katalog\/produkt\/ultrastop-15-ml-spray\/","title":{"rendered":"Ultrastop 15 ml Spray"},"content":{"rendered":"<p>ULTRASTOP Antibeschlagmittel Spray ist ein hochwertiges Mittel f\u00fcr medizinische Endoskope und Optiken. Die besondere Wirkung von ULTRASTOP besteht in der Ausbildung einer speziellen Schicht an der Oberfl\u00e4che der Optiken. Durch diesen \u00e4u\u00dferst d\u00fcnnen und absolut transparenten Film wird beim Kondensieren von Wasserdampf eine Tr\u00f6pfchenbildung und damit das Beschlagen der Oberfl\u00e4che zuverl\u00e4ssig verhindert.<\/p>\n","protected":false},"excerpt":{"rendered":"<p>ULTRASTOP Antibeschlagmittel Spray ist ein hochwertiges Mittel f\u00fcr medizinische Endoskope und Optiken. Die besondere Wirkung von ULTRASTOP besteht in der Ausbildung einer speziellen Schicht an der Oberfl\u00e4che der Optiken. Durch diesen \u00e4u\u00dferst d\u00fcnnen und absolut transparenten Film wird beim Kondensieren von Wasserdampf eine Tr\u00f6pfchenbildung und damit das Beschlagen der Oberfl\u00e4che zuverl\u00e4ssig verhindert.<\/p>\n","protected":false},"featured_media":68032,"template":"","meta":{"_acf_changed":false},"product_brand":[],"product_cat":[848],"product_tag":[],"class_list":{"0":"post-68030","1":"product","2":"type-product","3":"status-publish","4":"has-post-thumbnail","6":"product_cat-u","7":"pa_packungsgroesse-15ml","9":"first","10":"instock","11":"shipping-taxable","12":"purchasable","13":"product-type-simple"},"acf":[],"_links":{"self":[{"href":"https:\/\/www.ernstbrunn-apotheke.at\/katalog\/wp-json\/wp\/v2\/product\/68030","targetHints":{"allow":["GET"]}}],"collection":[{"href":"https:\/\/www.ernstbrunn-apotheke.at\/katalog\/wp-json\/wp\/v2\/product"}],"about":[{"href":"https:\/\/www.ernstbrunn-apotheke.at\/katalog\/wp-json\/wp\/v2\/types\/product"}],"wp:featuredmedia":[{"embeddable":true,"href":"https:\/\/www.ernstbrunn-apotheke.at\/katalog\/wp-json\/wp\/v2\/media\/68032"}],"wp:attachment":[{"href":"https:\/\/www.ernstbrunn-apotheke.at\/katalog\/wp-json\/wp\/v2\/media?parent=68030"}],"wp:term":[{"taxonomy":"product_brand","embeddable":true,"href":"https:\/\/www.ernstbrunn-apotheke.at\/katalog\/wp-json\/wp\/v2\/product_brand?post=68030"},{"taxonomy":"product_cat","embeddable":true,"href":"https:\/\/www.ernstbrunn-apotheke.at\/katalog\/wp-json\/wp\/v2\/product_cat?post=68030"},{"taxonomy":"product_tag","embeddable":true,"href":"https:\/\/www.ernstbrunn-apotheke.at\/katalog\/wp-json\/wp\/v2\/product_tag?post=68030"}],"curies":[{"name":"wp","href":"https:\/\/api.w.org\/{rel}","templated":true}]}}