{"id":67955,"date":"2025-11-11T18:18:35","date_gmt":"2025-11-11T17:18:35","guid":{"rendered":"https:\/\/www.ernstbrunn-apotheke.at\/katalog\/produkt\/farma-creme-200-ml\/"},"modified":"2025-12-08T18:00:05","modified_gmt":"2025-12-08T17:00:05","slug":"farma-creme-200-ml","status":"publish","type":"product","link":"https:\/\/www.ernstbrunn-apotheke.at\/katalog\/produkt\/farma-creme-200-ml\/","title":{"rendered":"Farma Creme 200 ml"},"content":{"rendered":"<p>Farma Creme ist eine Kombination aus Weizenkeimen, Kleie und Pflanzenextrakten. Die Creme spendt gef\u00e4rbten Haaren Glanz, Geschmeidigkeit und Elastizit\u00e4t. Bei unbehandeltem Haar kann diese Creme die verlorene Vitalit\u00e4t wiederherstellen.<\/p>\n","protected":false},"excerpt":{"rendered":"<p>Farma Creme ist eine Kombination aus Weizenkeimen, Kleie und Pflanzenextrakten. Die Creme spendt gef\u00e4rbten Haaren Glanz, Geschmeidigkeit und Elastizit\u00e4t. Bei unbehandeltem Haar kann diese Creme die verlorene Vitalit\u00e4t wiederherstellen.<\/p>\n","protected":false},"featured_media":67957,"template":"","meta":{"_acf_changed":false},"product_brand":[],"product_cat":[809],"product_tag":[],"class_list":{"0":"post-67955","1":"product","2":"type-product","3":"status-publish","4":"has-post-thumbnail","6":"product_cat-f","7":"pa_packungsgroesse-200ml","9":"first","10":"instock","11":"shipping-taxable","12":"purchasable","13":"product-type-simple"},"acf":[],"_links":{"self":[{"href":"https:\/\/www.ernstbrunn-apotheke.at\/katalog\/wp-json\/wp\/v2\/product\/67955","targetHints":{"allow":["GET"]}}],"collection":[{"href":"https:\/\/www.ernstbrunn-apotheke.at\/katalog\/wp-json\/wp\/v2\/product"}],"about":[{"href":"https:\/\/www.ernstbrunn-apotheke.at\/katalog\/wp-json\/wp\/v2\/types\/product"}],"wp:featuredmedia":[{"embeddable":true,"href":"https:\/\/www.ernstbrunn-apotheke.at\/katalog\/wp-json\/wp\/v2\/media\/67957"}],"wp:attachment":[{"href":"https:\/\/www.ernstbrunn-apotheke.at\/katalog\/wp-json\/wp\/v2\/media?parent=67955"}],"wp:term":[{"taxonomy":"product_brand","embeddable":true,"href":"https:\/\/www.ernstbrunn-apotheke.at\/katalog\/wp-json\/wp\/v2\/product_brand?post=67955"},{"taxonomy":"product_cat","embeddable":true,"href":"https:\/\/www.ernstbrunn-apotheke.at\/katalog\/wp-json\/wp\/v2\/product_cat?post=67955"},{"taxonomy":"product_tag","embeddable":true,"href":"https:\/\/www.ernstbrunn-apotheke.at\/katalog\/wp-json\/wp\/v2\/product_tag?post=67955"}],"curies":[{"name":"wp","href":"https:\/\/api.w.org\/{rel}","templated":true}]}}