{"id":67945,"date":"2025-11-11T18:17:38","date_gmt":"2025-11-11T17:17:38","guid":{"rendered":"https:\/\/www.ernstbrunn-apotheke.at\/katalog\/produkt\/burgit-anti-fusspilz-sprueh-loesung-25-ml\/"},"modified":"2025-12-08T18:00:03","modified_gmt":"2025-12-08T17:00:03","slug":"burgit-anti-fusspilz-sprueh-loesung-25-ml","status":"publish","type":"product","link":"https:\/\/www.ernstbrunn-apotheke.at\/katalog\/produkt\/burgit-anti-fusspilz-sprueh-loesung-25-ml\/","title":{"rendered":"Burgit Anti-Fu\u00dfpilz Spr\u00fch-L\u00f6sung 25 ml"},"content":{"rendered":"<p>Die Burgit Anti-Fu\u00dfpilz Spr\u00fch-L\u00f6sung kann dank des pr\u00e4zisen Spr\u00fchkopfes auch zwischen den Zehen leicht aufgetragen werden und behandelt so Fu\u00dfpilz effektiv, beugt einer Infektion vor und ist hygienisch \u2013 kein Kontakt mit den H\u00e4nden erforderlich &#8211; jetzt stark preisreduziert bestellen!<\/p>\n","protected":false},"excerpt":{"rendered":"<p>Die Burgit Anti-Fu\u00dfpilz Spr\u00fch-L\u00f6sung kann dank des pr\u00e4zisen Spr\u00fchkopfes auch zwischen den Zehen leicht aufgetragen werden und behandelt so Fu\u00dfpilz effektiv, beugt einer Infektion vor und ist hygienisch \u2013 kein Kontakt mit den H\u00e4nden erforderlich &#8211; jetzt stark preisreduziert bestellen!<\/p>\n","protected":false},"featured_media":67947,"template":"","meta":{"_acf_changed":false},"product_brand":[739],"product_cat":[802],"product_tag":[],"class_list":{"0":"post-67945","1":"product","2":"type-product","3":"status-publish","4":"has-post-thumbnail","6":"product_brand-burgit","7":"product_cat-b","8":"pa_packungsgroesse-25ml","10":"first","11":"instock","12":"shipping-taxable","13":"purchasable","14":"product-type-simple"},"acf":[],"_links":{"self":[{"href":"https:\/\/www.ernstbrunn-apotheke.at\/katalog\/wp-json\/wp\/v2\/product\/67945","targetHints":{"allow":["GET"]}}],"collection":[{"href":"https:\/\/www.ernstbrunn-apotheke.at\/katalog\/wp-json\/wp\/v2\/product"}],"about":[{"href":"https:\/\/www.ernstbrunn-apotheke.at\/katalog\/wp-json\/wp\/v2\/types\/product"}],"wp:featuredmedia":[{"embeddable":true,"href":"https:\/\/www.ernstbrunn-apotheke.at\/katalog\/wp-json\/wp\/v2\/media\/67947"}],"wp:attachment":[{"href":"https:\/\/www.ernstbrunn-apotheke.at\/katalog\/wp-json\/wp\/v2\/media?parent=67945"}],"wp:term":[{"taxonomy":"product_brand","embeddable":true,"href":"https:\/\/www.ernstbrunn-apotheke.at\/katalog\/wp-json\/wp\/v2\/product_brand?post=67945"},{"taxonomy":"product_cat","embeddable":true,"href":"https:\/\/www.ernstbrunn-apotheke.at\/katalog\/wp-json\/wp\/v2\/product_cat?post=67945"},{"taxonomy":"product_tag","embeddable":true,"href":"https:\/\/www.ernstbrunn-apotheke.at\/katalog\/wp-json\/wp\/v2\/product_tag?post=67945"}],"curies":[{"name":"wp","href":"https:\/\/api.w.org\/{rel}","templated":true}]}}