{"id":67935,"date":"2025-11-11T18:17:38","date_gmt":"2025-11-11T17:17:38","guid":{"rendered":"https:\/\/www.ernstbrunn-apotheke.at\/katalog\/produkt\/weleda-granatapfel-regenerierendes-pflege-oel-100-ml\/"},"modified":"2025-12-08T18:00:02","modified_gmt":"2025-12-08T17:00:02","slug":"weleda-granatapfel-regenerierendes-pflege-oel-100-ml","status":"publish","type":"product","link":"https:\/\/www.ernstbrunn-apotheke.at\/katalog\/produkt\/weleda-granatapfel-regenerierendes-pflege-oel-100-ml\/","title":{"rendered":"Weleda Granatapfel Regenerierendes Pflege-\u00d6l 100 ml"},"content":{"rendered":"<p>Weleda Granatapfel Regenerations \u00d6l 100 ml strafft und regt die Zellerneuerung an und ist ideal f\u00fcr die t\u00e4gliche Pflege anspruchsvoller Haut: es f\u00f6rdert die Elastizit\u00e4t und Festigkeit, bewahrt die Feuchtigkeit und sch\u00fctzt sie vor sch\u00e4digen Umwelteinfl\u00fcssen<\/p>\n","protected":false},"excerpt":{"rendered":"<p>Weleda Granatapfel Regenerations \u00d6l 100 ml strafft und regt die Zellerneuerung an und ist ideal f\u00fcr die t\u00e4gliche Pflege anspruchsvoller Haut: es f\u00f6rdert die Elastizit\u00e4t und Festigkeit, bewahrt die Feuchtigkeit und sch\u00fctzt sie vor sch\u00e4digen Umwelteinfl\u00fcssen<\/p>\n","protected":false},"featured_media":67937,"template":"","meta":{"_acf_changed":false},"product_brand":[567],"product_cat":[796],"product_tag":[],"class_list":{"0":"post-67935","1":"product","2":"type-product","3":"status-publish","4":"has-post-thumbnail","6":"product_brand-weleda","7":"product_cat-w","8":"pa_packungsgroesse-100ml","10":"first","11":"instock","12":"shipping-taxable","13":"purchasable","14":"product-type-simple"},"acf":[],"_links":{"self":[{"href":"https:\/\/www.ernstbrunn-apotheke.at\/katalog\/wp-json\/wp\/v2\/product\/67935","targetHints":{"allow":["GET"]}}],"collection":[{"href":"https:\/\/www.ernstbrunn-apotheke.at\/katalog\/wp-json\/wp\/v2\/product"}],"about":[{"href":"https:\/\/www.ernstbrunn-apotheke.at\/katalog\/wp-json\/wp\/v2\/types\/product"}],"wp:featuredmedia":[{"embeddable":true,"href":"https:\/\/www.ernstbrunn-apotheke.at\/katalog\/wp-json\/wp\/v2\/media\/67937"}],"wp:attachment":[{"href":"https:\/\/www.ernstbrunn-apotheke.at\/katalog\/wp-json\/wp\/v2\/media?parent=67935"}],"wp:term":[{"taxonomy":"product_brand","embeddable":true,"href":"https:\/\/www.ernstbrunn-apotheke.at\/katalog\/wp-json\/wp\/v2\/product_brand?post=67935"},{"taxonomy":"product_cat","embeddable":true,"href":"https:\/\/www.ernstbrunn-apotheke.at\/katalog\/wp-json\/wp\/v2\/product_cat?post=67935"},{"taxonomy":"product_tag","embeddable":true,"href":"https:\/\/www.ernstbrunn-apotheke.at\/katalog\/wp-json\/wp\/v2\/product_tag?post=67935"}],"curies":[{"name":"wp","href":"https:\/\/api.w.org\/{rel}","templated":true}]}}