{"id":67910,"date":"2025-11-11T18:17:38","date_gmt":"2025-11-11T17:17:38","guid":{"rendered":"https:\/\/www.ernstbrunn-apotheke.at\/katalog\/produkt\/5-htp-50mg-kapseln-2\/"},"modified":"2025-12-08T17:59:52","modified_gmt":"2025-12-08T16:59:52","slug":"5-htp-50mg-kapseln-2","status":"publish","type":"product","link":"https:\/\/www.ernstbrunn-apotheke.at\/katalog\/produkt\/5-htp-50mg-kapseln-2\/","title":{"rendered":"5 &#8211; HTP 50mg Kapseln"},"content":{"rendered":"<p>Gall Pharma 5-HTP 50 mg Kapseln 120 Stk. sind ein di\u00e4tetisches Lebensmittel f\u00fcr besondere medizinische Zwecke zur Behandlung von Depressionen. 5-HTP dient als Vorstufe der Serotoninproduktion und wirkt depressiven Verstimmungen entgegen. Weiters hat es einen positiven Einfluss bei Migr\u00e4ne und Schlafst\u00f6rungen. Durch die Kombination mit Magnesium wird der stimmungsaufhellende Effekt unterst\u00fctzt.<\/p>\n","protected":false},"excerpt":{"rendered":"<p>Gall Pharma 5-HTP 50 mg Kapseln 120 Stk. sind ein di\u00e4tetisches Lebensmittel f\u00fcr besondere medizinische Zwecke zur Behandlung von Depressionen. 5-HTP dient als Vorstufe der Serotoninproduktion und wirkt depressiven Verstimmungen entgegen. Weiters hat es einen positiven Einfluss bei Migr\u00e4ne und Schlafst\u00f6rungen. Durch die Kombination mit Magnesium wird der stimmungsaufhellende Effekt unterst\u00fctzt.<\/p>\n","protected":false},"featured_media":67912,"template":"","meta":{"_acf_changed":false},"product_brand":[371],"product_cat":[1061],"product_tag":[],"class_list":{"0":"post-67910","1":"product","2":"type-product","3":"status-publish","4":"has-post-thumbnail","6":"product_brand-gall-pharma","7":"product_cat-1061","8":"pa_packungsgroesse-120-stueck","10":"first","11":"instock","12":"shipping-taxable","13":"purchasable","14":"product-type-simple"},"acf":[],"_links":{"self":[{"href":"https:\/\/www.ernstbrunn-apotheke.at\/katalog\/wp-json\/wp\/v2\/product\/67910","targetHints":{"allow":["GET"]}}],"collection":[{"href":"https:\/\/www.ernstbrunn-apotheke.at\/katalog\/wp-json\/wp\/v2\/product"}],"about":[{"href":"https:\/\/www.ernstbrunn-apotheke.at\/katalog\/wp-json\/wp\/v2\/types\/product"}],"wp:featuredmedia":[{"embeddable":true,"href":"https:\/\/www.ernstbrunn-apotheke.at\/katalog\/wp-json\/wp\/v2\/media\/67912"}],"wp:attachment":[{"href":"https:\/\/www.ernstbrunn-apotheke.at\/katalog\/wp-json\/wp\/v2\/media?parent=67910"}],"wp:term":[{"taxonomy":"product_brand","embeddable":true,"href":"https:\/\/www.ernstbrunn-apotheke.at\/katalog\/wp-json\/wp\/v2\/product_brand?post=67910"},{"taxonomy":"product_cat","embeddable":true,"href":"https:\/\/www.ernstbrunn-apotheke.at\/katalog\/wp-json\/wp\/v2\/product_cat?post=67910"},{"taxonomy":"product_tag","embeddable":true,"href":"https:\/\/www.ernstbrunn-apotheke.at\/katalog\/wp-json\/wp\/v2\/product_tag?post=67910"}],"curies":[{"name":"wp","href":"https:\/\/api.w.org\/{rel}","templated":true}]}}