{"id":67872,"date":"2025-11-11T18:16:49","date_gmt":"2025-11-11T17:16:49","guid":{"rendered":"https:\/\/www.ernstbrunn-apotheke.at\/katalog\/produkt\/injektion-gripper-nadel-22gx25mm-12-stk\/"},"modified":"2025-12-08T17:59:39","modified_gmt":"2025-12-08T16:59:39","slug":"injektion-gripper-nadel-22gx25mm-12-stk","status":"publish","type":"product","link":"https:\/\/www.ernstbrunn-apotheke.at\/katalog\/produkt\/injektion-gripper-nadel-22gx25mm-12-stk\/","title":{"rendered":"Injektion Gripper Nadel 22gx25mm 12 Stk."},"content":{"rendered":"<p>Seit Jahrzehnten hat sich Mp\u00f6 pfm sehr gut als Versorgungspartner von Krankenh\u00e4usern, niedergelassenen \u017drzten, Apotheken, Sanit\u00e4tsfachh\u00e4usern etabliert! Ebenso werden pharmazeutische Handelsh\u00e4user als Kunden gez\u00e4hlt und mit medizinischen Einmalprodukten und Investitionsgtern versorgt.<\/p>\n","protected":false},"excerpt":{"rendered":"<p>Seit Jahrzehnten hat sich Mp\u00f6 pfm sehr gut als Versorgungspartner von Krankenh\u00e4usern, niedergelassenen \u017drzten, Apotheken, Sanit\u00e4tsfachh\u00e4usern etabliert! Ebenso werden pharmazeutische Handelsh\u00e4user als Kunden gez\u00e4hlt und mit medizinischen Einmalprodukten und Investitionsgtern versorgt.<\/p>\n","protected":false},"featured_media":0,"template":"","meta":{"_acf_changed":false},"product_brand":[],"product_cat":[823],"product_tag":[],"class_list":{"0":"post-67872","1":"product","2":"type-product","3":"status-publish","5":"product_cat-i","6":"pa_packungsgroesse-12-stueck","8":"first","9":"instock","10":"shipping-taxable","11":"purchasable","12":"product-type-simple"},"acf":[],"_links":{"self":[{"href":"https:\/\/www.ernstbrunn-apotheke.at\/katalog\/wp-json\/wp\/v2\/product\/67872","targetHints":{"allow":["GET"]}}],"collection":[{"href":"https:\/\/www.ernstbrunn-apotheke.at\/katalog\/wp-json\/wp\/v2\/product"}],"about":[{"href":"https:\/\/www.ernstbrunn-apotheke.at\/katalog\/wp-json\/wp\/v2\/types\/product"}],"wp:attachment":[{"href":"https:\/\/www.ernstbrunn-apotheke.at\/katalog\/wp-json\/wp\/v2\/media?parent=67872"}],"wp:term":[{"taxonomy":"product_brand","embeddable":true,"href":"https:\/\/www.ernstbrunn-apotheke.at\/katalog\/wp-json\/wp\/v2\/product_brand?post=67872"},{"taxonomy":"product_cat","embeddable":true,"href":"https:\/\/www.ernstbrunn-apotheke.at\/katalog\/wp-json\/wp\/v2\/product_cat?post=67872"},{"taxonomy":"product_tag","embeddable":true,"href":"https:\/\/www.ernstbrunn-apotheke.at\/katalog\/wp-json\/wp\/v2\/product_tag?post=67872"}],"curies":[{"name":"wp","href":"https:\/\/api.w.org\/{rel}","templated":true}]}}