{"id":67867,"date":"2025-11-11T18:16:49","date_gmt":"2025-11-11T17:16:49","guid":{"rendered":"https:\/\/www.ernstbrunn-apotheke.at\/katalog\/produkt\/multi-mineral-kapseln-forte-100-stueck\/"},"modified":"2025-12-08T17:59:36","modified_gmt":"2025-12-08T16:59:36","slug":"multi-mineral-kapseln-forte-100-stueck","status":"publish","type":"product","link":"https:\/\/www.ernstbrunn-apotheke.at\/katalog\/produkt\/multi-mineral-kapseln-forte-100-stueck\/","title":{"rendered":"MULTI MINERAL Kapseln Forte 100 St\u00fcck"},"content":{"rendered":"<p>Multi Mineralquellenprodukt Kapseln forte enthalten wichtige Mineralstoffe und Spurenelemente, welche an unz\u00e4hligen Abl\u00e4ufen im Organismus beteiligt sind. In enger Verbindung mit Enzymen und Hormonen bauen sie K\u00f6rpergewebe, Zellen, Knochen und Z\u00e4hne auf und sind f\u00fcr den ungest\u00f6rten Ablauf des Stoffwechsels verantwortlich.<\/p>\n","protected":false},"excerpt":{"rendered":"<p>Multi Mineralquellenprodukt Kapseln forte enthalten wichtige Mineralstoffe und Spurenelemente, welche an unz\u00e4hligen Abl\u00e4ufen im Organismus beteiligt sind. In enger Verbindung mit Enzymen und Hormonen bauen sie K\u00f6rpergewebe, Zellen, Knochen und Z\u00e4hne auf und sind f\u00fcr den ungest\u00f6rten Ablauf des Stoffwechsels verantwortlich.<\/p>\n","protected":false},"featured_media":67869,"template":"","meta":{"_acf_changed":false},"product_brand":[],"product_cat":[800],"product_tag":[],"class_list":{"0":"post-67867","1":"product","2":"type-product","3":"status-publish","4":"has-post-thumbnail","6":"product_cat-m","7":"pa_packungsgroesse-100-stueck","9":"first","10":"instock","11":"shipping-taxable","12":"purchasable","13":"product-type-simple"},"acf":[],"_links":{"self":[{"href":"https:\/\/www.ernstbrunn-apotheke.at\/katalog\/wp-json\/wp\/v2\/product\/67867","targetHints":{"allow":["GET"]}}],"collection":[{"href":"https:\/\/www.ernstbrunn-apotheke.at\/katalog\/wp-json\/wp\/v2\/product"}],"about":[{"href":"https:\/\/www.ernstbrunn-apotheke.at\/katalog\/wp-json\/wp\/v2\/types\/product"}],"wp:featuredmedia":[{"embeddable":true,"href":"https:\/\/www.ernstbrunn-apotheke.at\/katalog\/wp-json\/wp\/v2\/media\/67869"}],"wp:attachment":[{"href":"https:\/\/www.ernstbrunn-apotheke.at\/katalog\/wp-json\/wp\/v2\/media?parent=67867"}],"wp:term":[{"taxonomy":"product_brand","embeddable":true,"href":"https:\/\/www.ernstbrunn-apotheke.at\/katalog\/wp-json\/wp\/v2\/product_brand?post=67867"},{"taxonomy":"product_cat","embeddable":true,"href":"https:\/\/www.ernstbrunn-apotheke.at\/katalog\/wp-json\/wp\/v2\/product_cat?post=67867"},{"taxonomy":"product_tag","embeddable":true,"href":"https:\/\/www.ernstbrunn-apotheke.at\/katalog\/wp-json\/wp\/v2\/product_tag?post=67867"}],"curies":[{"name":"wp","href":"https:\/\/api.w.org\/{rel}","templated":true}]}}