{"id":67851,"date":"2025-11-11T18:15:59","date_gmt":"2025-11-11T17:15:59","guid":{"rendered":"https:\/\/www.ernstbrunn-apotheke.at\/katalog\/produkt\/balneum-pure-creme-500-ml\/"},"modified":"2025-12-08T17:59:33","modified_gmt":"2025-12-08T16:59:33","slug":"balneum-pure-creme-500-ml","status":"publish","type":"product","link":"https:\/\/www.ernstbrunn-apotheke.at\/katalog\/produkt\/balneum-pure-creme-500-ml\/","title":{"rendered":"Balneum Pure Creme 500 ml"},"content":{"rendered":"<p>Balneum Pure Creme 500 ml wurde speziell f\u00fcr die t\u00e4gliche Pflege von trockener und sehr trockener Haut entwickelt. Die Creme ist frei von Farb-, Duft- und Konservierungsstoffen und besonders hautvertr\u00e4glich. Durch die Creme wird die Haut vor Austrocknung gesch\u00fctzt, sie macht sie geschmeidig und sorgt f\u00fcr ein angenehmes Hautgef\u00fchl.<\/p>\n","protected":false},"excerpt":{"rendered":"<p>Balneum Pure Creme 500 ml wurde speziell f\u00fcr die t\u00e4gliche Pflege von trockener und sehr trockener Haut entwickelt. Die Creme ist frei von Farb-, Duft- und Konservierungsstoffen und besonders hautvertr\u00e4glich. Durch die Creme wird die Haut vor Austrocknung gesch\u00fctzt, sie macht sie geschmeidig und sorgt f\u00fcr ein angenehmes Hautgef\u00fchl.<\/p>\n","protected":false},"featured_media":67853,"template":"","meta":{"_acf_changed":false},"product_brand":[],"product_cat":[802],"product_tag":[],"class_list":{"0":"post-67851","1":"product","2":"type-product","3":"status-publish","4":"has-post-thumbnail","6":"product_cat-b","7":"pa_packungsgroesse-500ml","9":"first","10":"instock","11":"shipping-taxable","12":"purchasable","13":"product-type-simple"},"acf":[],"_links":{"self":[{"href":"https:\/\/www.ernstbrunn-apotheke.at\/katalog\/wp-json\/wp\/v2\/product\/67851","targetHints":{"allow":["GET"]}}],"collection":[{"href":"https:\/\/www.ernstbrunn-apotheke.at\/katalog\/wp-json\/wp\/v2\/product"}],"about":[{"href":"https:\/\/www.ernstbrunn-apotheke.at\/katalog\/wp-json\/wp\/v2\/types\/product"}],"wp:featuredmedia":[{"embeddable":true,"href":"https:\/\/www.ernstbrunn-apotheke.at\/katalog\/wp-json\/wp\/v2\/media\/67853"}],"wp:attachment":[{"href":"https:\/\/www.ernstbrunn-apotheke.at\/katalog\/wp-json\/wp\/v2\/media?parent=67851"}],"wp:term":[{"taxonomy":"product_brand","embeddable":true,"href":"https:\/\/www.ernstbrunn-apotheke.at\/katalog\/wp-json\/wp\/v2\/product_brand?post=67851"},{"taxonomy":"product_cat","embeddable":true,"href":"https:\/\/www.ernstbrunn-apotheke.at\/katalog\/wp-json\/wp\/v2\/product_cat?post=67851"},{"taxonomy":"product_tag","embeddable":true,"href":"https:\/\/www.ernstbrunn-apotheke.at\/katalog\/wp-json\/wp\/v2\/product_tag?post=67851"}],"curies":[{"name":"wp","href":"https:\/\/api.w.org\/{rel}","templated":true}]}}