{"id":67657,"date":"2025-11-11T12:37:39","date_gmt":"2025-11-11T11:37:39","guid":{"rendered":"https:\/\/www.ernstbrunn-apotheke.at\/katalog\/produkt\/supradyn-energy-filmtabletten\/"},"modified":"2025-12-08T17:58:30","modified_gmt":"2025-12-08T16:58:30","slug":"supradyn-energy-filmtabletten","status":"publish","type":"product","link":"https:\/\/www.ernstbrunn-apotheke.at\/katalog\/produkt\/supradyn-energy-filmtabletten\/","title":{"rendered":"Supradyn Energy Filmtabletten"},"content":{"rendered":"<p>Supradyn Energy Filmtabletten bauen auf und aktivieren bei Vitaminmangel! Dank dem Plus an essentiellen Vitaminen und Mineralstoffen unterst\u00fctzt Supradyn bei M\u00fcdigkeit und Ersch\u00f6pfung, w\u00e4hrend oder nach einer Erk\u00e4ltung \/ Grippe, erh\u00f6htem Bedarf durch akuten und chronischen Erkrankungen, nach einer Operation, w\u00e4hrend und nach einer Therapie mit Chemotherapeutika oder Antibiotika sowie bei langanhaltenden Di\u00e4ten.<\/p>\n","protected":false},"excerpt":{"rendered":"<p>Supradyn Energy Filmtabletten bauen auf und aktivieren bei Vitaminmangel! Dank dem Plus an essentiellen Vitaminen und Mineralstoffen unterst\u00fctzt Supradyn bei M\u00fcdigkeit und Ersch\u00f6pfung, w\u00e4hrend oder nach einer Erk\u00e4ltung \/ Grippe, erh\u00f6htem Bedarf durch akuten und chronischen Erkrankungen, nach einer Operation, w\u00e4hrend und nach einer Therapie mit Chemotherapeutika oder Antibiotika sowie bei langanhaltenden Di\u00e4ten.<\/p>\n","protected":false},"featured_media":67659,"template":"","meta":{"_acf_changed":false},"product_brand":[460],"product_cat":[791],"product_tag":[],"class_list":{"0":"post-67657","1":"product","2":"type-product","3":"status-publish","4":"has-post-thumbnail","6":"product_brand-supradyn","7":"product_cat-s","8":"pa_packungsgroesse-95-stueck","10":"first","11":"instock","12":"shipping-taxable","13":"purchasable","14":"product-type-simple"},"acf":[],"_links":{"self":[{"href":"https:\/\/www.ernstbrunn-apotheke.at\/katalog\/wp-json\/wp\/v2\/product\/67657","targetHints":{"allow":["GET"]}}],"collection":[{"href":"https:\/\/www.ernstbrunn-apotheke.at\/katalog\/wp-json\/wp\/v2\/product"}],"about":[{"href":"https:\/\/www.ernstbrunn-apotheke.at\/katalog\/wp-json\/wp\/v2\/types\/product"}],"wp:featuredmedia":[{"embeddable":true,"href":"https:\/\/www.ernstbrunn-apotheke.at\/katalog\/wp-json\/wp\/v2\/media\/67659"}],"wp:attachment":[{"href":"https:\/\/www.ernstbrunn-apotheke.at\/katalog\/wp-json\/wp\/v2\/media?parent=67657"}],"wp:term":[{"taxonomy":"product_brand","embeddable":true,"href":"https:\/\/www.ernstbrunn-apotheke.at\/katalog\/wp-json\/wp\/v2\/product_brand?post=67657"},{"taxonomy":"product_cat","embeddable":true,"href":"https:\/\/www.ernstbrunn-apotheke.at\/katalog\/wp-json\/wp\/v2\/product_cat?post=67657"},{"taxonomy":"product_tag","embeddable":true,"href":"https:\/\/www.ernstbrunn-apotheke.at\/katalog\/wp-json\/wp\/v2\/product_tag?post=67657"}],"curies":[{"name":"wp","href":"https:\/\/api.w.org\/{rel}","templated":true}]}}