{"id":67574,"date":"2025-11-11T12:36:22","date_gmt":"2025-11-11T11:36:22","guid":{"rendered":"https:\/\/www.ernstbrunn-apotheke.at\/katalog\/produkt\/brahmi-400-mg-extrakt-kapseln-60-stk\/"},"modified":"2025-12-08T17:58:11","modified_gmt":"2025-12-08T16:58:11","slug":"brahmi-400-mg-extrakt-kapseln-60-stk","status":"publish","type":"product","link":"https:\/\/www.ernstbrunn-apotheke.at\/katalog\/produkt\/brahmi-400-mg-extrakt-kapseln-60-stk\/","title":{"rendered":"Brahmi 400 mg Extrakt Kapseln 60 Stk."},"content":{"rendered":"<p>Brahmi 400 mg Extrakt Kapseln eigenen sich nach dem Prinzip traditioneller ayurvedischer Medizin zur Unterst\u00fctzung bei leichten Formen von innerer Unruhe, Zerstreutheit oder \u00e4ngstlichen Zust\u00e4nden. Brahmi wird in der ayurvedischen Medizin traditionell gegen eine Reihe von Beschwerden wie Angst, Vergesslichkeit und kognitive St\u00f6rungen eingesetzt  jetzt online bestellen > durch GRATIS Lieferung* bares Geld sparen!<\/p>\n","protected":false},"excerpt":{"rendered":"<p>Brahmi 400 mg Extrakt Kapseln eigenen sich nach dem Prinzip traditioneller ayurvedischer Medizin zur Unterst\u00fctzung bei leichten Formen von innerer Unruhe, Zerstreutheit oder \u00e4ngstlichen Zust\u00e4nden. Brahmi wird in der ayurvedischen Medizin traditionell gegen eine Reihe von Beschwerden wie Angst, Vergesslichkeit und kognitive St\u00f6rungen eingesetzt jetzt online bestellen > durch GRATIS Lieferung* bares Geld sparen!<\/p>\n","protected":false},"featured_media":67576,"template":"","meta":{"_acf_changed":false},"product_brand":[],"product_cat":[802],"product_tag":[],"class_list":{"0":"post-67574","1":"product","2":"type-product","3":"status-publish","4":"has-post-thumbnail","6":"product_cat-b","7":"pa_packungsgroesse-60-stueck","9":"first","10":"instock","11":"shipping-taxable","12":"purchasable","13":"product-type-simple"},"acf":[],"_links":{"self":[{"href":"https:\/\/www.ernstbrunn-apotheke.at\/katalog\/wp-json\/wp\/v2\/product\/67574","targetHints":{"allow":["GET"]}}],"collection":[{"href":"https:\/\/www.ernstbrunn-apotheke.at\/katalog\/wp-json\/wp\/v2\/product"}],"about":[{"href":"https:\/\/www.ernstbrunn-apotheke.at\/katalog\/wp-json\/wp\/v2\/types\/product"}],"wp:featuredmedia":[{"embeddable":true,"href":"https:\/\/www.ernstbrunn-apotheke.at\/katalog\/wp-json\/wp\/v2\/media\/67576"}],"wp:attachment":[{"href":"https:\/\/www.ernstbrunn-apotheke.at\/katalog\/wp-json\/wp\/v2\/media?parent=67574"}],"wp:term":[{"taxonomy":"product_brand","embeddable":true,"href":"https:\/\/www.ernstbrunn-apotheke.at\/katalog\/wp-json\/wp\/v2\/product_brand?post=67574"},{"taxonomy":"product_cat","embeddable":true,"href":"https:\/\/www.ernstbrunn-apotheke.at\/katalog\/wp-json\/wp\/v2\/product_cat?post=67574"},{"taxonomy":"product_tag","embeddable":true,"href":"https:\/\/www.ernstbrunn-apotheke.at\/katalog\/wp-json\/wp\/v2\/product_tag?post=67574"}],"curies":[{"name":"wp","href":"https:\/\/api.w.org\/{rel}","templated":true}]}}