{"id":67524,"date":"2025-11-11T12:35:44","date_gmt":"2025-11-11T11:35:44","guid":{"rendered":"https:\/\/www.ernstbrunn-apotheke.at\/katalog\/produkt\/l-erbolario-duschgel-250-ml-arancio\/"},"modified":"2025-12-08T17:57:52","modified_gmt":"2025-12-08T16:57:52","slug":"l-erbolario-duschgel-250-ml-arancio","status":"publish","type":"product","link":"https:\/\/www.ernstbrunn-apotheke.at\/katalog\/produkt\/l-erbolario-duschgel-250-ml-arancio\/","title":{"rendered":"L Erbolario Duschgel 250 ml Arancio"},"content":{"rendered":"<p>L&#8217;Erbolario Duschgel ist voller positiver Energie. All seine Vitalit\u00e4t wird unter flie\u00dfendem Wasser, unter der Dusche oder in der Badewanne freigesetzt. Der belebende, frische Duft harmonisiert Geist und K\u00f6rper. Rein pflanzliche Tenside sorgen f\u00fcr einen sehr milden, cremigen Schaum.<\/p>\n","protected":false},"excerpt":{"rendered":"<p>L&#8217;Erbolario Duschgel ist voller positiver Energie. All seine Vitalit\u00e4t wird unter flie\u00dfendem Wasser, unter der Dusche oder in der Badewanne freigesetzt. Der belebende, frische Duft harmonisiert Geist und K\u00f6rper. Rein pflanzliche Tenside sorgen f\u00fcr einen sehr milden, cremigen Schaum.<\/p>\n","protected":false},"featured_media":0,"template":"","meta":{"_acf_changed":false},"product_brand":[725],"product_cat":[795],"product_tag":[],"class_list":{"0":"post-67524","1":"product","2":"type-product","3":"status-publish","5":"product_brand-lerbolario","6":"product_cat-l","7":"pa_packungsgroesse-250ml","9":"first","10":"instock","11":"shipping-taxable","12":"purchasable","13":"product-type-simple"},"acf":[],"_links":{"self":[{"href":"https:\/\/www.ernstbrunn-apotheke.at\/katalog\/wp-json\/wp\/v2\/product\/67524","targetHints":{"allow":["GET"]}}],"collection":[{"href":"https:\/\/www.ernstbrunn-apotheke.at\/katalog\/wp-json\/wp\/v2\/product"}],"about":[{"href":"https:\/\/www.ernstbrunn-apotheke.at\/katalog\/wp-json\/wp\/v2\/types\/product"}],"wp:attachment":[{"href":"https:\/\/www.ernstbrunn-apotheke.at\/katalog\/wp-json\/wp\/v2\/media?parent=67524"}],"wp:term":[{"taxonomy":"product_brand","embeddable":true,"href":"https:\/\/www.ernstbrunn-apotheke.at\/katalog\/wp-json\/wp\/v2\/product_brand?post=67524"},{"taxonomy":"product_cat","embeddable":true,"href":"https:\/\/www.ernstbrunn-apotheke.at\/katalog\/wp-json\/wp\/v2\/product_cat?post=67524"},{"taxonomy":"product_tag","embeddable":true,"href":"https:\/\/www.ernstbrunn-apotheke.at\/katalog\/wp-json\/wp\/v2\/product_tag?post=67524"}],"curies":[{"name":"wp","href":"https:\/\/api.w.org\/{rel}","templated":true}]}}