{"id":67488,"date":"2025-11-11T12:34:41","date_gmt":"2025-11-11T11:34:41","guid":{"rendered":"https:\/\/www.ernstbrunn-apotheke.at\/katalog\/produkt\/vitaking-vitamin-e-weichkapseln-60-stk-400ie\/"},"modified":"2025-12-08T17:57:43","modified_gmt":"2025-12-08T16:57:43","slug":"vitaking-vitamin-e-weichkapseln-60-stk-400ie","status":"publish","type":"product","link":"https:\/\/www.ernstbrunn-apotheke.at\/katalog\/produkt\/vitaking-vitamin-e-weichkapseln-60-stk-400ie\/","title":{"rendered":"Vitaking Vitamin E Weichkapseln 60 Stk. 400IE"},"content":{"rendered":"<p>Vitaking Gmbh bietet f\u00fcr jede Altersklasse und f\u00fcr beide Geschlechter jeweils die genau richtige Zusammensetzung von Vitaminen und N\u00e4hrstoffen<\/p>\n","protected":false},"excerpt":{"rendered":"<p>Vitaking Gmbh bietet f\u00fcr jede Altersklasse und f\u00fcr beide Geschlechter jeweils die genau richtige Zusammensetzung von Vitaminen und N\u00e4hrstoffen<\/p>\n","protected":false},"featured_media":0,"template":"","meta":{"_acf_changed":false},"product_brand":[],"product_cat":[799],"product_tag":[],"class_list":{"0":"post-67488","1":"product","2":"type-product","3":"status-publish","5":"product_cat-v","6":"pa_packungsgroesse-60-stueck","8":"first","9":"instock","10":"shipping-taxable","11":"purchasable","12":"product-type-simple"},"acf":[],"_links":{"self":[{"href":"https:\/\/www.ernstbrunn-apotheke.at\/katalog\/wp-json\/wp\/v2\/product\/67488","targetHints":{"allow":["GET"]}}],"collection":[{"href":"https:\/\/www.ernstbrunn-apotheke.at\/katalog\/wp-json\/wp\/v2\/product"}],"about":[{"href":"https:\/\/www.ernstbrunn-apotheke.at\/katalog\/wp-json\/wp\/v2\/types\/product"}],"wp:attachment":[{"href":"https:\/\/www.ernstbrunn-apotheke.at\/katalog\/wp-json\/wp\/v2\/media?parent=67488"}],"wp:term":[{"taxonomy":"product_brand","embeddable":true,"href":"https:\/\/www.ernstbrunn-apotheke.at\/katalog\/wp-json\/wp\/v2\/product_brand?post=67488"},{"taxonomy":"product_cat","embeddable":true,"href":"https:\/\/www.ernstbrunn-apotheke.at\/katalog\/wp-json\/wp\/v2\/product_cat?post=67488"},{"taxonomy":"product_tag","embeddable":true,"href":"https:\/\/www.ernstbrunn-apotheke.at\/katalog\/wp-json\/wp\/v2\/product_tag?post=67488"}],"curies":[{"name":"wp","href":"https:\/\/api.w.org\/{rel}","templated":true}]}}