{"id":67478,"date":"2025-11-11T12:34:41","date_gmt":"2025-11-11T11:34:41","guid":{"rendered":"https:\/\/www.ernstbrunn-apotheke.at\/katalog\/produkt\/weleda-zarter-reinigungsschaum-150-ml\/"},"modified":"2025-12-08T17:57:41","modified_gmt":"2025-12-08T16:57:41","slug":"weleda-zarter-reinigungsschaum-150-ml","status":"publish","type":"product","link":"https:\/\/www.ernstbrunn-apotheke.at\/katalog\/produkt\/weleda-zarter-reinigungsschaum-150-ml\/","title":{"rendered":"Weleda Zarter Reinigungsschaum 150 ml"},"content":{"rendered":"<p>Weleda Zarter Reinigungsschaum reinigt die Gesichtshaut porentief, befreit von Make-up und \u00dcbersch\u00fcssigem Hautfett und erh\u00e4lt die nat\u00fcrliche Feuchtigkeitsbalance der Haut. Die Rezeptur mit Bio-Hamamelis erfrischt die Haut und bereitet sie optimal auf die anschlie\u00dfende Pflege vor<\/p>\n","protected":false},"excerpt":{"rendered":"<p>Weleda Zarter Reinigungsschaum reinigt die Gesichtshaut porentief, befreit von Make-up und \u00dcbersch\u00fcssigem Hautfett und erh\u00e4lt die nat\u00fcrliche Feuchtigkeitsbalance der Haut. Die Rezeptur mit Bio-Hamamelis erfrischt die Haut und bereitet sie optimal auf die anschlie\u00dfende Pflege vor<\/p>\n","protected":false},"featured_media":67480,"template":"","meta":{"_acf_changed":false},"product_brand":[567],"product_cat":[796],"product_tag":[],"class_list":{"0":"post-67478","1":"product","2":"type-product","3":"status-publish","4":"has-post-thumbnail","6":"product_brand-weleda","7":"product_cat-w","8":"pa_packungsgroesse-150ml","10":"first","11":"instock","12":"shipping-taxable","13":"purchasable","14":"product-type-simple"},"acf":[],"_links":{"self":[{"href":"https:\/\/www.ernstbrunn-apotheke.at\/katalog\/wp-json\/wp\/v2\/product\/67478","targetHints":{"allow":["GET"]}}],"collection":[{"href":"https:\/\/www.ernstbrunn-apotheke.at\/katalog\/wp-json\/wp\/v2\/product"}],"about":[{"href":"https:\/\/www.ernstbrunn-apotheke.at\/katalog\/wp-json\/wp\/v2\/types\/product"}],"wp:featuredmedia":[{"embeddable":true,"href":"https:\/\/www.ernstbrunn-apotheke.at\/katalog\/wp-json\/wp\/v2\/media\/67480"}],"wp:attachment":[{"href":"https:\/\/www.ernstbrunn-apotheke.at\/katalog\/wp-json\/wp\/v2\/media?parent=67478"}],"wp:term":[{"taxonomy":"product_brand","embeddable":true,"href":"https:\/\/www.ernstbrunn-apotheke.at\/katalog\/wp-json\/wp\/v2\/product_brand?post=67478"},{"taxonomy":"product_cat","embeddable":true,"href":"https:\/\/www.ernstbrunn-apotheke.at\/katalog\/wp-json\/wp\/v2\/product_cat?post=67478"},{"taxonomy":"product_tag","embeddable":true,"href":"https:\/\/www.ernstbrunn-apotheke.at\/katalog\/wp-json\/wp\/v2\/product_tag?post=67478"}],"curies":[{"name":"wp","href":"https:\/\/api.w.org\/{rel}","templated":true}]}}