{"id":67474,"date":"2025-11-11T12:34:41","date_gmt":"2025-11-11T11:34:41","guid":{"rendered":"https:\/\/www.ernstbrunn-apotheke.at\/katalog\/produkt\/roewo-gel-kalt-warmpackung-20x30-1-stk\/"},"modified":"2025-12-08T17:57:40","modified_gmt":"2025-12-08T16:57:40","slug":"roewo-gel-kalt-warmpackung-20x30-1-stk","status":"publish","type":"product","link":"https:\/\/www.ernstbrunn-apotheke.at\/katalog\/produkt\/roewo-gel-kalt-warmpackung-20x30-1-stk\/","title":{"rendered":"Roewo Gel Kalt\/Warmpackung 20&#215;30 1 Stk."},"content":{"rendered":"<p class=\"MsoNormal\">K\u00e4lte und W\u00e4rme \u2013 bew\u00e4hrte Heilkr\u00e4fte der Natur<br \/> R\u00d6WO\u00ae Gel-K\u00e4lte-W\u00e4rmepackung<\/p>\n<p class=\"MsoNormal\">\u00a0kann sowohl zur W\u00e4rmeanwendung (z. B. bei Verspannungen, Rheuma, Muskelkater) als auch zur K\u00e4lteanwendung bei Prellungen, Verstauchungen, Migr\u00e4ne u.v.m. eingesetzt werden.<\/p>\n<p class=\"MsoNormal\">Immer schnell zur Hand, wenn sie gebraucht werden. DieK\u00fchlkissen k\u00f6nnen besonders platzsparend in der Gefriertruhe aufbewahrt werden.Das handliche Format erm\u00f6glicht den schnellen Einsatz dort, wo sie gebrauchtwerden. Die Kissen zeichnen sich durch ihre besonders lange Speicherung undeine gleichm\u00e4\u00dfige Abgabe der K\u00e4lte und W\u00e4rme aus. Die flexible undgleichzeitige robuste Au\u00dfenh\u00fclle minimiert die Gefahr des Platzens oder Auslaufens.<\/p>\n<p>Lieferung inklusive hautschonender Vliesh\u00fclle.<\/p>\n","protected":false},"excerpt":{"rendered":"<p>K\u00e4lte und W\u00e4rme \u2013 bew\u00e4hrte Heilkr\u00e4fte der Natur R\u00d6WO\u00ae Gel-K\u00e4lte-W\u00e4rmepackung \u00a0kann sowohl zur W\u00e4rmeanwendung (z. B. bei Verspannungen, Rheuma, Muskelkater) als auch zur K\u00e4lteanwendung bei Prellungen, Verstauchungen, Migr\u00e4ne u.v.m. eingesetzt werden. Immer schnell zur Hand, wenn sie gebraucht werden. DieK\u00fchlkissen k\u00f6nnen besonders platzsparend in der Gefriertruhe aufbewahrt werden.Das handliche Format erm\u00f6glicht den schnellen Einsatz dort, [&hellip;]<\/p>\n","protected":false},"featured_media":67476,"template":"","meta":{"_acf_changed":false},"product_brand":[],"product_cat":[808],"product_tag":[],"class_list":{"0":"post-67474","1":"product","2":"type-product","3":"status-publish","4":"has-post-thumbnail","6":"product_cat-r","7":"pa_farbe-blau","8":"pa_packungsgroesse-1-stueck","10":"first","11":"instock","12":"shipping-taxable","13":"purchasable","14":"product-type-simple"},"acf":[],"_links":{"self":[{"href":"https:\/\/www.ernstbrunn-apotheke.at\/katalog\/wp-json\/wp\/v2\/product\/67474","targetHints":{"allow":["GET"]}}],"collection":[{"href":"https:\/\/www.ernstbrunn-apotheke.at\/katalog\/wp-json\/wp\/v2\/product"}],"about":[{"href":"https:\/\/www.ernstbrunn-apotheke.at\/katalog\/wp-json\/wp\/v2\/types\/product"}],"wp:featuredmedia":[{"embeddable":true,"href":"https:\/\/www.ernstbrunn-apotheke.at\/katalog\/wp-json\/wp\/v2\/media\/67476"}],"wp:attachment":[{"href":"https:\/\/www.ernstbrunn-apotheke.at\/katalog\/wp-json\/wp\/v2\/media?parent=67474"}],"wp:term":[{"taxonomy":"product_brand","embeddable":true,"href":"https:\/\/www.ernstbrunn-apotheke.at\/katalog\/wp-json\/wp\/v2\/product_brand?post=67474"},{"taxonomy":"product_cat","embeddable":true,"href":"https:\/\/www.ernstbrunn-apotheke.at\/katalog\/wp-json\/wp\/v2\/product_cat?post=67474"},{"taxonomy":"product_tag","embeddable":true,"href":"https:\/\/www.ernstbrunn-apotheke.at\/katalog\/wp-json\/wp\/v2\/product_tag?post=67474"}],"curies":[{"name":"wp","href":"https:\/\/api.w.org\/{rel}","templated":true}]}}