{"id":67446,"date":"2025-11-11T12:33:28","date_gmt":"2025-11-11T11:33:28","guid":{"rendered":"https:\/\/www.ernstbrunn-apotheke.at\/katalog\/produkt\/weleda-lavendel-entspannendes-pflege-oel-100-ml\/"},"modified":"2025-12-08T17:57:32","modified_gmt":"2025-12-08T16:57:32","slug":"weleda-lavendel-entspannendes-pflege-oel-100-ml","status":"publish","type":"product","link":"https:\/\/www.ernstbrunn-apotheke.at\/katalog\/produkt\/weleda-lavendel-entspannendes-pflege-oel-100-ml\/","title":{"rendered":"Weleda Lavendel Entspannendes Pflege-\u00d6l 100 ml"},"content":{"rendered":"<p>Weleda Lavendel Entspannendes Pflege- \u00d6l 100 ml pflegt und beruhigt den K\u00f6rper mit echtem \u00e4therischem Lavendel\u00f6l.<\/p>\n","protected":false},"excerpt":{"rendered":"<p>Weleda Lavendel Entspannendes Pflege- \u00d6l 100 ml pflegt und beruhigt den K\u00f6rper mit echtem \u00e4therischem Lavendel\u00f6l.<\/p>\n","protected":false},"featured_media":67448,"template":"","meta":{"_acf_changed":false},"product_brand":[567],"product_cat":[796],"product_tag":[],"class_list":{"0":"post-67446","1":"product","2":"type-product","3":"status-publish","4":"has-post-thumbnail","6":"product_brand-weleda","7":"product_cat-w","8":"pa_packungsgroesse-100ml","10":"first","11":"instock","12":"shipping-taxable","13":"purchasable","14":"product-type-simple"},"acf":[],"_links":{"self":[{"href":"https:\/\/www.ernstbrunn-apotheke.at\/katalog\/wp-json\/wp\/v2\/product\/67446","targetHints":{"allow":["GET"]}}],"collection":[{"href":"https:\/\/www.ernstbrunn-apotheke.at\/katalog\/wp-json\/wp\/v2\/product"}],"about":[{"href":"https:\/\/www.ernstbrunn-apotheke.at\/katalog\/wp-json\/wp\/v2\/types\/product"}],"wp:featuredmedia":[{"embeddable":true,"href":"https:\/\/www.ernstbrunn-apotheke.at\/katalog\/wp-json\/wp\/v2\/media\/67448"}],"wp:attachment":[{"href":"https:\/\/www.ernstbrunn-apotheke.at\/katalog\/wp-json\/wp\/v2\/media?parent=67446"}],"wp:term":[{"taxonomy":"product_brand","embeddable":true,"href":"https:\/\/www.ernstbrunn-apotheke.at\/katalog\/wp-json\/wp\/v2\/product_brand?post=67446"},{"taxonomy":"product_cat","embeddable":true,"href":"https:\/\/www.ernstbrunn-apotheke.at\/katalog\/wp-json\/wp\/v2\/product_cat?post=67446"},{"taxonomy":"product_tag","embeddable":true,"href":"https:\/\/www.ernstbrunn-apotheke.at\/katalog\/wp-json\/wp\/v2\/product_tag?post=67446"}],"curies":[{"name":"wp","href":"https:\/\/api.w.org\/{rel}","templated":true}]}}