{"id":67424,"date":"2025-11-11T12:33:28","date_gmt":"2025-11-11T11:33:28","guid":{"rendered":"https:\/\/www.ernstbrunn-apotheke.at\/katalog\/produkt\/zistrosentinktur-4a\/"},"modified":"2025-12-08T17:57:28","modified_gmt":"2025-12-08T16:57:28","slug":"zistrosentinktur-4a","status":"publish","type":"product","link":"https:\/\/www.ernstbrunn-apotheke.at\/katalog\/produkt\/zistrosentinktur-4a\/","title":{"rendered":"Zistrosentinktur 4a"},"content":{"rendered":"<p>Zistrosentinktur 4a wird traditionell bei diversen gesundheitlichen Beschwerden, wie zum Beispiel bei Erk\u00e4ltungskrankheiten, eingesetzt. Au\u00dferdem kann dieses Produkt vorbeugend zur Immunst\u00e4rkung und bei Durchfall und  zur Darmentgiftung eingesetzt werden. Auch bei entz\u00fcndlichen Hauterkrankungen und Akne eignet sich dieses Produkt hervorragend.<\/p>\n","protected":false},"excerpt":{"rendered":"<p>Zistrosentinktur 4a wird traditionell bei diversen gesundheitlichen Beschwerden, wie zum Beispiel bei Erk\u00e4ltungskrankheiten, eingesetzt. Au\u00dferdem kann dieses Produkt vorbeugend zur Immunst\u00e4rkung und bei Durchfall und zur Darmentgiftung eingesetzt werden. Auch bei entz\u00fcndlichen Hauterkrankungen und Akne eignet sich dieses Produkt hervorragend.<\/p>\n","protected":false},"featured_media":67426,"template":"","meta":{"_acf_changed":false},"product_brand":[],"product_cat":[803],"product_tag":[],"class_list":{"0":"post-67424","1":"product","2":"type-product","3":"status-publish","4":"has-post-thumbnail","6":"product_cat-z","7":"pa_packungsgroesse-50ml","9":"first","10":"instock","11":"shipping-taxable","12":"purchasable","13":"product-type-simple"},"acf":[],"_links":{"self":[{"href":"https:\/\/www.ernstbrunn-apotheke.at\/katalog\/wp-json\/wp\/v2\/product\/67424","targetHints":{"allow":["GET"]}}],"collection":[{"href":"https:\/\/www.ernstbrunn-apotheke.at\/katalog\/wp-json\/wp\/v2\/product"}],"about":[{"href":"https:\/\/www.ernstbrunn-apotheke.at\/katalog\/wp-json\/wp\/v2\/types\/product"}],"wp:featuredmedia":[{"embeddable":true,"href":"https:\/\/www.ernstbrunn-apotheke.at\/katalog\/wp-json\/wp\/v2\/media\/67426"}],"wp:attachment":[{"href":"https:\/\/www.ernstbrunn-apotheke.at\/katalog\/wp-json\/wp\/v2\/media?parent=67424"}],"wp:term":[{"taxonomy":"product_brand","embeddable":true,"href":"https:\/\/www.ernstbrunn-apotheke.at\/katalog\/wp-json\/wp\/v2\/product_brand?post=67424"},{"taxonomy":"product_cat","embeddable":true,"href":"https:\/\/www.ernstbrunn-apotheke.at\/katalog\/wp-json\/wp\/v2\/product_cat?post=67424"},{"taxonomy":"product_tag","embeddable":true,"href":"https:\/\/www.ernstbrunn-apotheke.at\/katalog\/wp-json\/wp\/v2\/product_tag?post=67424"}],"curies":[{"name":"wp","href":"https:\/\/api.w.org\/{rel}","templated":true}]}}