{"id":67403,"date":"2025-11-11T12:33:28","date_gmt":"2025-11-11T11:33:28","guid":{"rendered":"https:\/\/www.ernstbrunn-apotheke.at\/katalog\/produkt\/tena-inkontinenz-flex-maxi-21-stk-xl\/"},"modified":"2025-12-08T17:57:20","modified_gmt":"2025-12-08T16:57:20","slug":"tena-inkontinenz-flex-maxi-21-stk-xl","status":"publish","type":"product","link":"https:\/\/www.ernstbrunn-apotheke.at\/katalog\/produkt\/tena-inkontinenz-flex-maxi-21-stk-xl\/","title":{"rendered":"Tena Inkontinenz Flex Maxi 21 Stk. XL"},"content":{"rendered":"<p>Tena Inkontinenz Flex Maxi ist eine Vorlage mit H\u00fcftbund f\u00fcr ergonomische und einfache Handhabung, einem komfortablen, diskreten Sitz und zus\u00e4tzlicher Saugst\u00e4rke. Mit dem atmungsaktiven Material und der speziellen Oberfl\u00e4cheist sie besonders hautfreundlich und bequem.<\/p>\n","protected":false},"excerpt":{"rendered":"<p>Tena Inkontinenz Flex Maxi ist eine Vorlage mit H\u00fcftbund f\u00fcr ergonomische und einfache Handhabung, einem komfortablen, diskreten Sitz und zus\u00e4tzlicher Saugst\u00e4rke. Mit dem atmungsaktiven Material und der speziellen Oberfl\u00e4cheist sie besonders hautfreundlich und bequem.<\/p>\n","protected":false},"featured_media":0,"template":"","meta":{"_acf_changed":false},"product_brand":[970],"product_cat":[798],"product_tag":[],"class_list":{"0":"post-67403","1":"product","2":"type-product","3":"status-publish","5":"product_brand-tena","6":"product_cat-t","7":"pa_packungsgroesse-21-stueck","9":"first","10":"instock","11":"shipping-taxable","12":"purchasable","13":"product-type-simple"},"acf":[],"_links":{"self":[{"href":"https:\/\/www.ernstbrunn-apotheke.at\/katalog\/wp-json\/wp\/v2\/product\/67403","targetHints":{"allow":["GET"]}}],"collection":[{"href":"https:\/\/www.ernstbrunn-apotheke.at\/katalog\/wp-json\/wp\/v2\/product"}],"about":[{"href":"https:\/\/www.ernstbrunn-apotheke.at\/katalog\/wp-json\/wp\/v2\/types\/product"}],"wp:attachment":[{"href":"https:\/\/www.ernstbrunn-apotheke.at\/katalog\/wp-json\/wp\/v2\/media?parent=67403"}],"wp:term":[{"taxonomy":"product_brand","embeddable":true,"href":"https:\/\/www.ernstbrunn-apotheke.at\/katalog\/wp-json\/wp\/v2\/product_brand?post=67403"},{"taxonomy":"product_cat","embeddable":true,"href":"https:\/\/www.ernstbrunn-apotheke.at\/katalog\/wp-json\/wp\/v2\/product_cat?post=67403"},{"taxonomy":"product_tag","embeddable":true,"href":"https:\/\/www.ernstbrunn-apotheke.at\/katalog\/wp-json\/wp\/v2\/product_tag?post=67403"}],"curies":[{"name":"wp","href":"https:\/\/api.w.org\/{rel}","templated":true}]}}