{"id":67233,"date":"2025-11-11T12:29:34","date_gmt":"2025-11-11T11:29:34","guid":{"rendered":"https:\/\/www.ernstbrunn-apotheke.at\/katalog\/produkt\/hyaluron-sonnenpflege-150-ml-koerper-lsf-50-creme\/"},"modified":"2025-12-08T17:56:35","modified_gmt":"2025-12-08T16:56:35","slug":"hyaluron-sonnenpflege-150-ml-koerper-lsf-50-creme","status":"publish","type":"product","link":"https:\/\/www.ernstbrunn-apotheke.at\/katalog\/produkt\/hyaluron-sonnenpflege-150-ml-koerper-lsf-50-creme\/","title":{"rendered":"Hyaluron Sonnenpflege 150 ml K\u00f6rper LSF 50+ Creme"},"content":{"rendered":"<p>Hyaluron Sonnenpflege K\u00f6rper LSF 50 sch\u00fctzt, spendet Feuchtigkeit, strafft und festigt die Haut. Die Pflege bietet sensiblen und empfindlichen Hauttypen hohe Sicherheit und Hautschutz bei intensiver Sonneneinstrahlung. Der enthaltene Wirkkomplex mit Hyalurons\u00e4ure in pharmazeutisch reiner Qualit\u00e4t und Anti-Aging-Effekt gleicht den Feuchtigkeitsverlust der Haut ideal aus, strafft und festigt die K\u00f6rpersilhouette<\/p>\n","protected":false},"excerpt":{"rendered":"<p>Hyaluron Sonnenpflege K\u00f6rper LSF 50 sch\u00fctzt, spendet Feuchtigkeit, strafft und festigt die Haut. Die Pflege bietet sensiblen und empfindlichen Hauttypen hohe Sicherheit und Hautschutz bei intensiver Sonneneinstrahlung. Der enthaltene Wirkkomplex mit Hyalurons\u00e4ure in pharmazeutisch reiner Qualit\u00e4t und Anti-Aging-Effekt gleicht den Feuchtigkeitsverlust der Haut ideal aus, strafft und festigt die K\u00f6rpersilhouette<\/p>\n","protected":false},"featured_media":67235,"template":"","meta":{"_acf_changed":false},"product_brand":[],"product_cat":[805],"product_tag":[],"class_list":{"0":"post-67233","1":"product","2":"type-product","3":"status-publish","4":"has-post-thumbnail","6":"product_cat-h","7":"pa_packungsgroesse-150ml","9":"first","10":"instock","11":"shipping-taxable","12":"purchasable","13":"product-type-simple"},"acf":[],"_links":{"self":[{"href":"https:\/\/www.ernstbrunn-apotheke.at\/katalog\/wp-json\/wp\/v2\/product\/67233","targetHints":{"allow":["GET"]}}],"collection":[{"href":"https:\/\/www.ernstbrunn-apotheke.at\/katalog\/wp-json\/wp\/v2\/product"}],"about":[{"href":"https:\/\/www.ernstbrunn-apotheke.at\/katalog\/wp-json\/wp\/v2\/types\/product"}],"wp:featuredmedia":[{"embeddable":true,"href":"https:\/\/www.ernstbrunn-apotheke.at\/katalog\/wp-json\/wp\/v2\/media\/67235"}],"wp:attachment":[{"href":"https:\/\/www.ernstbrunn-apotheke.at\/katalog\/wp-json\/wp\/v2\/media?parent=67233"}],"wp:term":[{"taxonomy":"product_brand","embeddable":true,"href":"https:\/\/www.ernstbrunn-apotheke.at\/katalog\/wp-json\/wp\/v2\/product_brand?post=67233"},{"taxonomy":"product_cat","embeddable":true,"href":"https:\/\/www.ernstbrunn-apotheke.at\/katalog\/wp-json\/wp\/v2\/product_cat?post=67233"},{"taxonomy":"product_tag","embeddable":true,"href":"https:\/\/www.ernstbrunn-apotheke.at\/katalog\/wp-json\/wp\/v2\/product_tag?post=67233"}],"curies":[{"name":"wp","href":"https:\/\/api.w.org\/{rel}","templated":true}]}}