{"id":67156,"date":"2025-11-11T12:28:39","date_gmt":"2025-11-11T11:28:39","guid":{"rendered":"https:\/\/www.ernstbrunn-apotheke.at\/katalog\/produkt\/cerave-feuchtigkeitsspendende-reinigungslotion-236-ml\/"},"modified":"2025-12-08T17:56:11","modified_gmt":"2025-12-08T16:56:11","slug":"cerave-feuchtigkeitsspendende-reinigungslotion-236-ml","status":"publish","type":"product","link":"https:\/\/www.ernstbrunn-apotheke.at\/katalog\/produkt\/cerave-feuchtigkeitsspendende-reinigungslotion-236-ml\/","title":{"rendered":"CeraVe Feuchtigkeitsspendende Reinigungslotion 236 ml"},"content":{"rendered":"<p>Reinigt effektiv, spendet Feuchtigkeit und tr\u00e4gt zur Wiederherstellung der sch\u00fctzenden Hautbarriere bei. Diese nicht sch\u00e4umende Lotion entfernt sanft Schmutz und \u00d6l und erh\u00f6ht die Hautfeuchtigkeit nach nur einer Anwendung. Die feuchtigkeitsspendende Reinigungslotion eignet sich f\u00fcr normale bis trockene Haut.<\/p>\n","protected":false},"excerpt":{"rendered":"<p>Reinigt effektiv, spendet Feuchtigkeit und tr\u00e4gt zur Wiederherstellung der sch\u00fctzenden Hautbarriere bei. Diese nicht sch\u00e4umende Lotion entfernt sanft Schmutz und \u00d6l und erh\u00f6ht die Hautfeuchtigkeit nach nur einer Anwendung. Die feuchtigkeitsspendende Reinigungslotion eignet sich f\u00fcr normale bis trockene Haut.<\/p>\n","protected":false},"featured_media":67158,"template":"","meta":{"_acf_changed":false},"product_brand":[714],"product_cat":[812],"product_tag":[],"class_list":{"0":"post-67156","1":"product","2":"type-product","3":"status-publish","4":"has-post-thumbnail","6":"product_brand-cerave","7":"product_cat-c","8":"pa_packungsgroesse-236ml","10":"first","11":"instock","12":"shipping-taxable","13":"purchasable","14":"product-type-simple"},"acf":[],"_links":{"self":[{"href":"https:\/\/www.ernstbrunn-apotheke.at\/katalog\/wp-json\/wp\/v2\/product\/67156","targetHints":{"allow":["GET"]}}],"collection":[{"href":"https:\/\/www.ernstbrunn-apotheke.at\/katalog\/wp-json\/wp\/v2\/product"}],"about":[{"href":"https:\/\/www.ernstbrunn-apotheke.at\/katalog\/wp-json\/wp\/v2\/types\/product"}],"wp:featuredmedia":[{"embeddable":true,"href":"https:\/\/www.ernstbrunn-apotheke.at\/katalog\/wp-json\/wp\/v2\/media\/67158"}],"wp:attachment":[{"href":"https:\/\/www.ernstbrunn-apotheke.at\/katalog\/wp-json\/wp\/v2\/media?parent=67156"}],"wp:term":[{"taxonomy":"product_brand","embeddable":true,"href":"https:\/\/www.ernstbrunn-apotheke.at\/katalog\/wp-json\/wp\/v2\/product_brand?post=67156"},{"taxonomy":"product_cat","embeddable":true,"href":"https:\/\/www.ernstbrunn-apotheke.at\/katalog\/wp-json\/wp\/v2\/product_cat?post=67156"},{"taxonomy":"product_tag","embeddable":true,"href":"https:\/\/www.ernstbrunn-apotheke.at\/katalog\/wp-json\/wp\/v2\/product_tag?post=67156"}],"curies":[{"name":"wp","href":"https:\/\/api.w.org\/{rel}","templated":true}]}}