{"id":67086,"date":"2025-11-11T12:27:13","date_gmt":"2025-11-11T11:27:13","guid":{"rendered":"https:\/\/www.ernstbrunn-apotheke.at\/katalog\/produkt\/enzborn-teufelssalbe-eis-200-ml\/"},"modified":"2025-12-08T17:55:56","modified_gmt":"2025-12-08T16:55:56","slug":"enzborn-teufelssalbe-eis-200-ml","status":"publish","type":"product","link":"https:\/\/www.ernstbrunn-apotheke.at\/katalog\/produkt\/enzborn-teufelssalbe-eis-200-ml\/","title":{"rendered":"Enzborn Teufelssalbe Eis 200 ml"},"content":{"rendered":"<p>Enzborn Teufelssalbe Eis ist ein intensiv k\u00fchlendes Pflegegel mit der nat\u00fcrlichen Kraft der Teufelskralle. Die intensiv k\u00fchlende Wirkung der speziellen Menthol-Minz\u00f6l Formulierung lindert in Verbindung mit einer Einreibung das Schmerzgef\u00fchl. Aloe Vera spendet der Haut wirksam Feuchtigkeit. D-Panthenol wirkt zudem juckreizlindernd.<\/p>\n","protected":false},"excerpt":{"rendered":"<p>Enzborn Teufelssalbe Eis ist ein intensiv k\u00fchlendes Pflegegel mit der nat\u00fcrlichen Kraft der Teufelskralle. Die intensiv k\u00fchlende Wirkung der speziellen Menthol-Minz\u00f6l Formulierung lindert in Verbindung mit einer Einreibung das Schmerzgef\u00fchl. Aloe Vera spendet der Haut wirksam Feuchtigkeit. D-Panthenol wirkt zudem juckreizlindernd.<\/p>\n","protected":false},"featured_media":67088,"template":"","meta":{"_acf_changed":false},"product_brand":[651],"product_cat":[794],"product_tag":[],"class_list":{"0":"post-67086","1":"product","2":"type-product","3":"status-publish","4":"has-post-thumbnail","6":"product_brand-enzborn","7":"product_cat-e","8":"pa_packungsgroesse-200ml","10":"first","11":"instock","12":"shipping-taxable","13":"purchasable","14":"product-type-simple"},"acf":[],"_links":{"self":[{"href":"https:\/\/www.ernstbrunn-apotheke.at\/katalog\/wp-json\/wp\/v2\/product\/67086","targetHints":{"allow":["GET"]}}],"collection":[{"href":"https:\/\/www.ernstbrunn-apotheke.at\/katalog\/wp-json\/wp\/v2\/product"}],"about":[{"href":"https:\/\/www.ernstbrunn-apotheke.at\/katalog\/wp-json\/wp\/v2\/types\/product"}],"wp:featuredmedia":[{"embeddable":true,"href":"https:\/\/www.ernstbrunn-apotheke.at\/katalog\/wp-json\/wp\/v2\/media\/67088"}],"wp:attachment":[{"href":"https:\/\/www.ernstbrunn-apotheke.at\/katalog\/wp-json\/wp\/v2\/media?parent=67086"}],"wp:term":[{"taxonomy":"product_brand","embeddable":true,"href":"https:\/\/www.ernstbrunn-apotheke.at\/katalog\/wp-json\/wp\/v2\/product_brand?post=67086"},{"taxonomy":"product_cat","embeddable":true,"href":"https:\/\/www.ernstbrunn-apotheke.at\/katalog\/wp-json\/wp\/v2\/product_cat?post=67086"},{"taxonomy":"product_tag","embeddable":true,"href":"https:\/\/www.ernstbrunn-apotheke.at\/katalog\/wp-json\/wp\/v2\/product_tag?post=67086"}],"curies":[{"name":"wp","href":"https:\/\/api.w.org\/{rel}","templated":true}]}}