{"id":67028,"date":"2025-11-11T12:25:47","date_gmt":"2025-11-11T11:25:47","guid":{"rendered":"https:\/\/www.ernstbrunn-apotheke.at\/katalog\/produkt\/bios-yamswurzel-kapseln\/"},"modified":"2025-12-08T17:55:44","modified_gmt":"2025-12-08T16:55:44","slug":"bios-yamswurzel-kapseln","status":"publish","type":"product","link":"https:\/\/www.ernstbrunn-apotheke.at\/katalog\/produkt\/bios-yamswurzel-kapseln\/","title":{"rendered":"Bios Yamswurzel Kapseln"},"content":{"rendered":"<p>Bios Yamswurzel Kapseln enthalten 500 mg Yamswurzelextrakt in einer Hartgelatinekapsel. Die Kapseln sind ein hochwertiges Vitalpr\u00e4parat mit ausschlie\u00dflich 100 % nat\u00fcrlichen Rohstoffen. Bei der Herstellung werden keinerlei synthetische Substanzen und Hilfsstoffe verwendet.<\/p>\n","protected":false},"excerpt":{"rendered":"<p>Bios Yamswurzel Kapseln enthalten 500 mg Yamswurzelextrakt in einer Hartgelatinekapsel. Die Kapseln sind ein hochwertiges Vitalpr\u00e4parat mit ausschlie\u00dflich 100 % nat\u00fcrlichen Rohstoffen. Bei der Herstellung werden keinerlei synthetische Substanzen und Hilfsstoffe verwendet.<\/p>\n","protected":false},"featured_media":67030,"template":"","meta":{"_acf_changed":false},"product_brand":[],"product_cat":[802],"product_tag":[],"class_list":{"0":"post-67028","1":"product","2":"type-product","3":"status-publish","4":"has-post-thumbnail","6":"product_cat-b","7":"pa_packungsgroesse-100-stueck","9":"first","10":"instock","11":"shipping-taxable","12":"purchasable","13":"product-type-simple"},"acf":[],"_links":{"self":[{"href":"https:\/\/www.ernstbrunn-apotheke.at\/katalog\/wp-json\/wp\/v2\/product\/67028","targetHints":{"allow":["GET"]}}],"collection":[{"href":"https:\/\/www.ernstbrunn-apotheke.at\/katalog\/wp-json\/wp\/v2\/product"}],"about":[{"href":"https:\/\/www.ernstbrunn-apotheke.at\/katalog\/wp-json\/wp\/v2\/types\/product"}],"wp:featuredmedia":[{"embeddable":true,"href":"https:\/\/www.ernstbrunn-apotheke.at\/katalog\/wp-json\/wp\/v2\/media\/67030"}],"wp:attachment":[{"href":"https:\/\/www.ernstbrunn-apotheke.at\/katalog\/wp-json\/wp\/v2\/media?parent=67028"}],"wp:term":[{"taxonomy":"product_brand","embeddable":true,"href":"https:\/\/www.ernstbrunn-apotheke.at\/katalog\/wp-json\/wp\/v2\/product_brand?post=67028"},{"taxonomy":"product_cat","embeddable":true,"href":"https:\/\/www.ernstbrunn-apotheke.at\/katalog\/wp-json\/wp\/v2\/product_cat?post=67028"},{"taxonomy":"product_tag","embeddable":true,"href":"https:\/\/www.ernstbrunn-apotheke.at\/katalog\/wp-json\/wp\/v2\/product_tag?post=67028"}],"curies":[{"name":"wp","href":"https:\/\/api.w.org\/{rel}","templated":true}]}}