{"id":67018,"date":"2025-11-11T12:25:47","date_gmt":"2025-11-11T11:25:47","guid":{"rendered":"https:\/\/www.ernstbrunn-apotheke.at\/katalog\/produkt\/weleda-wildrose-harmonisierendes-pflege-oel-100-ml\/"},"modified":"2025-12-08T17:55:41","modified_gmt":"2025-12-08T16:55:41","slug":"weleda-wildrose-harmonisierendes-pflege-oel-100-ml","status":"publish","type":"product","link":"https:\/\/www.ernstbrunn-apotheke.at\/katalog\/produkt\/weleda-wildrose-harmonisierendes-pflege-oel-100-ml\/","title":{"rendered":"Weleda Wildrose Harmonisierendes Pflege-\u00d6l 100 ml"},"content":{"rendered":"<p>Weleda Wildrose Harmonisierendes Pflege-\u00d6l 100 ml beruhigt und gl\u00e4ttet die Haut, der Duft der Damaszener Rose harmonisiert die Stimmung. Besonders ab dem 30. Lebensjahr, wenn die Haut langsam anspruchsvoller und trockener wird, entfalten die Substanzen der Weleda Pflegeserie Wildrose ihre Wirkung.<\/p>\n","protected":false},"excerpt":{"rendered":"<p>Weleda Wildrose Harmonisierendes Pflege-\u00d6l 100 ml beruhigt und gl\u00e4ttet die Haut, der Duft der Damaszener Rose harmonisiert die Stimmung. Besonders ab dem 30. Lebensjahr, wenn die Haut langsam anspruchsvoller und trockener wird, entfalten die Substanzen der Weleda Pflegeserie Wildrose ihre Wirkung.<\/p>\n","protected":false},"featured_media":67020,"template":"","meta":{"_acf_changed":false},"product_brand":[567],"product_cat":[796],"product_tag":[],"class_list":{"0":"post-67018","1":"product","2":"type-product","3":"status-publish","4":"has-post-thumbnail","6":"product_brand-weleda","7":"product_cat-w","8":"pa_packungsgroesse-100ml","10":"first","11":"instock","12":"shipping-taxable","13":"purchasable","14":"product-type-simple"},"acf":[],"_links":{"self":[{"href":"https:\/\/www.ernstbrunn-apotheke.at\/katalog\/wp-json\/wp\/v2\/product\/67018","targetHints":{"allow":["GET"]}}],"collection":[{"href":"https:\/\/www.ernstbrunn-apotheke.at\/katalog\/wp-json\/wp\/v2\/product"}],"about":[{"href":"https:\/\/www.ernstbrunn-apotheke.at\/katalog\/wp-json\/wp\/v2\/types\/product"}],"wp:featuredmedia":[{"embeddable":true,"href":"https:\/\/www.ernstbrunn-apotheke.at\/katalog\/wp-json\/wp\/v2\/media\/67020"}],"wp:attachment":[{"href":"https:\/\/www.ernstbrunn-apotheke.at\/katalog\/wp-json\/wp\/v2\/media?parent=67018"}],"wp:term":[{"taxonomy":"product_brand","embeddable":true,"href":"https:\/\/www.ernstbrunn-apotheke.at\/katalog\/wp-json\/wp\/v2\/product_brand?post=67018"},{"taxonomy":"product_cat","embeddable":true,"href":"https:\/\/www.ernstbrunn-apotheke.at\/katalog\/wp-json\/wp\/v2\/product_cat?post=67018"},{"taxonomy":"product_tag","embeddable":true,"href":"https:\/\/www.ernstbrunn-apotheke.at\/katalog\/wp-json\/wp\/v2\/product_tag?post=67018"}],"curies":[{"name":"wp","href":"https:\/\/api.w.org\/{rel}","templated":true}]}}